{"id":8581,"date":"2021-03-05T15:21:29","date_gmt":"2021-03-05T14:21:29","guid":{"rendered":"https:\/\/www.tricogenesis.com\/carboxytherapie\/"},"modified":"2023-06-10T17:00:30","modified_gmt":"2023-06-10T15:00:30","slug":"carboxytherapie","status":"publish","type":"page","link":"https:\/\/tricogenesis.com\/fr\/carboxytherapie\/","title":{"rendered":"Carboxyth\u00e9rapie"},"content":{"rendered":"<div class=\"wpb-content-wrapper\"><p>[vc_row content_placement=\u00a0\u00bbmiddle\u00a0\u00bb css_animation=\u00a0\u00bbslideInUp\u00a0\u00bb row_content_width=\u00a0\u00bbgrid\u00a0\u00bb css=\u00a0\u00bb.vc_custom_1557154212153{padding-top: 50px !important;}\u00a0\u00bb][vc_column][vc_empty_space height=\u00a0\u00bb30&Prime;][\/vc_column][\/vc_row][vc_row row_content_width=\u00a0\u00bbgrid\u00a0\u00bb css=\u00a0\u00bb.vc_custom_1564733665483{margin-bottom: 20px !important;}\u00a0\u00bb][vc_column][vc_custom_heading text=\u00a0\u00bbCarboxyth\u00e9rapie\u00a0\u00bb font_container=\u00a0\u00bbtag:h2|font_size:33|text_align:left\u00a0\u00bb use_theme_fonts=\u00a0\u00bbyes\u00a0\u00bb][vc_column_text]<\/p>\n<p style=\"background: white; vertical-align: baseline; margin: 7.5pt 0cm 7.5pt 0cm;\"><span lang=\"FR\" style=\"font-family: 'Arial','sans-serif'; color: #707070; letter-spacing: .6pt;\">La Carboxyth\u00e9rapie est une m\u00e9thode th\u00e9rapeutique qui consiste \u00e0 injecter du dioxyde de carbone dans les tissus qui en ont besoin. Cette pratique trouve ses fondements dans la stimulation de ce m\u00e9canisme naturel qui conduit \u00e0 une augmentation de l&rsquo;oxyg\u00e9nation d&rsquo;une partie du corps en hypoxie.<\/span><\/p>\n<p style=\"background: white; vertical-align: baseline; margin: 7.5pt 0cm 7.5pt 0cm;\"><span lang=\"FR\" style=\"font-family: 'Arial','sans-serif'; color: #707070; letter-spacing: .6pt;\">La pratique consiste en un cycle de plusieurs s\u00e9ances au cours desquelles on effectue de micro-injections sous-cutan\u00e9es quasi indolores, par infiltration de dioxyde de carbone \u00e0 l\u2019aide d\u2019aiguilles extr\u00eamement fines, afin d\u2019obtenir une meilleure vascularisation du cuir chevelu pour en favoriser l\u2019oxyg\u00e9nation.<\/span><\/p>\n<p style=\"background: white; vertical-align: baseline; margin: 7.5pt 0cm 7.5pt 0cm;\"><span lang=\"FR\" style=\"font-family: 'Arial','sans-serif'; color: #707070; letter-spacing: .6pt;\">Une \u00e9tude publi\u00e9e par une \u00e9minente revue de ce secteur conclut que la Carboxy th\u00e9rapie repr\u00e9sente une option th\u00e9rapeutique prometteuse pour l\u2019Alop\u00e9cie diffuse et se r\u00e9v\u00e8le utile en tant que traitement adjuvant pour l\u2019alop\u00e9cie androg\u00e9n\u00e9tique. Pour pr\u00e9server les r\u00e9sultats, plusieurs s\u00e9ances sont n\u00e9cessaires.<\/span><\/p>\n<p style=\"background: white; vertical-align: baseline; margin: 7.5pt 0cm 7.5pt 0cm;\"><span lang=\"FR\" style=\"font-family: 'Arial','sans-serif'; color: #707070; letter-spacing: .6pt;\">\u00a0<\/span><\/p>\n<p style=\"background: white; vertical-align: baseline; margin: 7.5pt 0cm .0001pt 0cm;\"><span lang=\"FR\" style=\"font-family: 'Arial','sans-serif'; color: #707070; letter-spacing: .6pt;\">(Journal CosmetDermatol. 2018 Dec.; 17(6):1275-1285. Doi:10.1111\/jocd.12501.Epub 2018 Feb 20. Study of the efficacy of carboxytherapy in alopecia.)<\/span><\/p>\n<p>[\/vc_column_text][vc_empty_space height=\u00a0\u00bb60&Prime;][\/vc_column][\/vc_row][vc_row row_content_width=\u00a0\u00bbgrid\u00a0\u00bb css=\u00a0\u00bb.vc_custom_1564736356027{margin-bottom: 80px !important;}\u00a0\u00bb][vc_column][vc_single_image image=\u00a0\u00bb8584&Prime; img_size=\u00a0\u00bbfull\u00a0\u00bb alignment=\u00a0\u00bbcenter\u00a0\u00bb][\/vc_column][\/vc_row][vc_row content_placement=\u00a0\u00bbmiddle\u00a0\u00bb parallax=\u00a0\u00bbcontent-moving\u00a0\u00bb parallax_image=\u00a0\u00bb7434&Prime; css_animation=\u00a0\u00bbnone\u00a0\u00bb content_text_aligment=\u00a0\u00bbcenter\u00a0\u00bb css=\u00a0\u00bb.vc_custom_1570099249807{margin-top: 120px !important;padding-top: 350px !important;padding-bottom: 350px !important;}\u00a0\u00bb][vc_column][\/vc_column][\/vc_row][vc_row row_content_width=\u00a0\u00bbgrid\u00a0\u00bb][vc_column width=\u00a0\u00bb1\/3&Prime;][\/vc_column][vc_column width=\u00a0\u00bb1\/3&Prime;][vc_empty_space height=\u00a0\u00bb80&Prime;][vc_column_text]<\/p>\n<h5 style=\"text-align: center;\">r\u00e9servez votre consultation au num\u00e9ro<\/h5>\n<h3 style=\"text-align: center;\"><strong><a class=\"mkd-icon-has-hover\" href=\"tel: +39 351 5281191\" data-hover-color=\"#7d8a83\">+39 351 5281191<\/a><\/strong><\/h3>\n<p>&nbsp;<\/p>\n<h5 style=\"text-align: center;\">par WhatsApp<\/h5>\n<p><a href=\"tel:https:\/\/wa.me\/+393515281191\"><br \/>\n<img loading=\"lazy\" decoding=\"async\" class=\"size-medium wp-image-9910 aligncenter\" src=\"https:\/\/www.tricogenesis.com\/wp-content\/uploads\/2023\/06\/whatsapp-logo.svg\" alt=\"\" width=\"40\" height=\"40\" srcset=\"https:\/\/tricogenesis.com\/wp-content\/uploads\/whatsapp-logo.svg 150w, https:\/\/tricogenesis.com\/wp-content\/uploads\/whatsapp-logo.svg 300w, https:\/\/tricogenesis.com\/wp-content\/uploads\/whatsapp-logo.svg 768w, https:\/\/tricogenesis.com\/wp-content\/uploads\/whatsapp-logo.svg 1024w, https:\/\/tricogenesis.com\/wp-content\/uploads\/whatsapp-logo.svg 50w\" sizes=\"auto, (max-width: 40px) 100vw, 40px\" \/><br \/>\n<\/a><\/p>\n<h5 style=\"text-align: center;\">ou bien \u00e0 l\u2019adresse<\/h5>\n<h5 style=\"text-align: center;\"><a class=\"mkd-icon-has-hover\" href=\"mailto:info@tricogenesis.com\" data-hover-color=\"#7d8a83\">info@tricogenesis.com<\/a><\/h5>\n<p>[\/vc_column_text][\/vc_column][vc_column width=\u00a0\u00bb1\/3&Prime;][\/vc_column][\/vc_row][vc_row css=\u00a0\u00bb.vc_custom_1565339081680{margin-top: 80px !important;}\u00a0\u00bb simple_background_color=\u00a0\u00bb#dd003b\u00a0\u00bb][vc_column][vc_empty_space height=\u00a0\u00bb15&Prime;][\/vc_column][\/vc_row][vc_row row_content_width=\u00a0\u00bbgrid\u00a0\u00bb css=\u00a0\u00bb.vc_custom_1564998948883{margin-top: 80px !important;}\u00a0\u00bb][vc_column width=\u00a0\u00bb1\/4&Prime;][\/vc_column][vc_column width=\u00a0\u00bb1\/2&Prime;][vc_single_image image=\u00a0\u00bb7550&Prime; img_size=\u00a0\u00bbfull\u00a0\u00bb alignment=\u00a0\u00bbcenter\u00a0\u00bb][vc_empty_space height=\u00a0\u00bb50px\u00a0\u00bb][vc_column_text]<\/p>\n<h5 style=\"text-align: center;\">Si vous souhaitez avoir plus d\u2019informations, remplissez le formulaire suivant et nous vous contacterons le plus rapidement possible.<\/h5>\n<p>[\/vc_column_text][vc_empty_space height=\u00a0\u00bb50px\u00a0\u00bb]\n<div class=\"wpcf7 no-js\" id=\"wpcf7-f9487-o1\" lang=\"fr-FR\" dir=\"ltr\" data-wpcf7-id=\"9487\">\n<div class=\"screen-reader-response\"><p role=\"status\" aria-live=\"polite\" aria-atomic=\"true\"><\/p> <ul><\/ul><\/div>\n<form action=\"\/fr\/wp-json\/wp\/v2\/pages\/8581#wpcf7-f9487-o1\" method=\"post\" class=\"wpcf7-form init\" aria-label=\"Formulaire de contact\" novalidate=\"novalidate\" data-status=\"init\">\n<fieldset class=\"hidden-fields-container\"><input type=\"hidden\" name=\"_wpcf7\" value=\"9487\" \/><input type=\"hidden\" name=\"_wpcf7_version\" value=\"6.1.4\" \/><input type=\"hidden\" name=\"_wpcf7_locale\" value=\"fr_FR\" \/><input type=\"hidden\" name=\"_wpcf7_unit_tag\" value=\"wpcf7-f9487-o1\" \/><input type=\"hidden\" name=\"_wpcf7_container_post\" value=\"0\" \/><input type=\"hidden\" name=\"_wpcf7_posted_data_hash\" value=\"\" \/><input type=\"hidden\" name=\"_wpcf7_recaptcha_response\" value=\"\" \/>\n<\/fieldset>\n<div class=\"mkd-cf7-contact-form\">\n\t<p><span class=\"wpcf7-form-control-wrap\" data-name=\"nome\"><input size=\"40\" maxlength=\"400\" class=\"wpcf7-form-control wpcf7-text wpcf7-validates-as-required\" id=\"bordo-speciale\" aria-required=\"true\" aria-invalid=\"false\" placeholder=\"Nom\" value=\"\" type=\"text\" name=\"nome\" \/><\/span><br \/>\n<span class=\"wpcf7-form-control-wrap\" data-name=\"cognome\"><input size=\"40\" maxlength=\"400\" class=\"wpcf7-form-control wpcf7-text wpcf7-validates-as-required\" aria-required=\"true\" aria-invalid=\"false\" placeholder=\"Prenom\" value=\"\" type=\"text\" name=\"cognome\" \/><\/span><br \/>\n<span class=\"wpcf7-form-control-wrap\" data-name=\"telefono\"><input size=\"40\" maxlength=\"400\" class=\"wpcf7-form-control wpcf7-text wpcf7-validates-as-required\" aria-required=\"true\" aria-invalid=\"false\" placeholder=\"Phone\" value=\"\" type=\"text\" name=\"telefono\" \/><\/span><br \/>\n<span class=\"wpcf7-form-control-wrap\" data-name=\"email-333\"><input size=\"40\" maxlength=\"400\" class=\"wpcf7-form-control wpcf7-email wpcf7-text wpcf7-validates-as-email\" aria-invalid=\"false\" placeholder=\"E-mail\" value=\"\" type=\"email\" name=\"email-333\" \/><\/span><br \/>\n<span class=\"wpcf7-form-control-wrap\" data-name=\"textarea-768\"><textarea cols=\"40\" rows=\"1\" maxlength=\"2000\" class=\"wpcf7-form-control wpcf7-textarea\" aria-invalid=\"false\" placeholder=\"Message\" name=\"textarea-768\"><\/textarea><\/span><br \/>\n<span class=\"mkd-submit-button-wrapper\"><br \/>\n<input class=\"wpcf7-form-control wpcf7-submit has-spinner\" type=\"submit\" value=\"Envoyer\" \/><span class=\"mkd-submit-btn-icon arrow_right\"><\/span><br \/>\n<\/span>\n\t<\/p>\n<\/div><div class=\"wpcf7-response-output\" aria-hidden=\"true\"><\/div>\n<\/form>\n<\/div>\n[\/vc_column][vc_column width=\u00a0\u00bb1\/4&Prime;][\/vc_column][\/vc_row][vc_row css_animation=\u00a0\u00bbnone\u00a0\u00bb css=\u00a0\u00bb.vc_custom_1557221901867{padding-top: 40px !important;}\u00a0\u00bb][vc_column][vc_empty_space height=\u00a0\u00bb160&Prime;][\/vc_column][\/vc_row][vc_row css=\u00a0\u00bb.vc_custom_1565339142252{background-image: url(https:\/\/www.tricogenesis.com\/wp-content\/uploads\/2019\/08\/banda-BLU-ESE-piccola.jpg?id=7059) !important;}\u00a0\u00bb][vc_column][vc_empty_space height=\u00a0\u00bb80&Prime;][\/vc_column][\/vc_row]<\/p>\n<\/div>","protected":false},"excerpt":{"rendered":"<p>[vc_row content_placement=\u00a0\u00bbmiddle\u00a0\u00bb css_animation=\u00a0\u00bbslideInUp\u00a0\u00bb row_content_width=\u00a0\u00bbgrid\u00a0\u00bb css=\u00a0\u00bb.vc_custom_1557154212153{padding-top: 50px !important;}\u00a0\u00bb][vc_column][vc_empty_space height=\u00a0\u00bb30&Prime;][\/vc_column][\/vc_row][vc_row row_content_width=\u00a0\u00bbgrid\u00a0\u00bb css=\u00a0\u00bb.vc_custom_1564733665483{margin-bottom: 20px !important;}\u00a0\u00bb][vc_column][vc_custom_heading text=\u00a0\u00bbCarboxyth\u00e9rapie\u00a0\u00bb font_container=\u00a0\u00bbtag:h2|font_size:33|text_align:left\u00a0\u00bb use_theme_fonts=\u00a0\u00bbyes\u00a0\u00bb][vc_column_text] La Carboxyth\u00e9rapie est une m\u00e9thode th\u00e9rapeutique qui consiste \u00e0 injecter du dioxyde de carbone dans les tissus qui en ont besoin. Cette pratique trouve ses [&hellip;]<\/p>\n","protected":false},"author":1,"featured_media":0,"parent":0,"menu_order":0,"comment_status":"closed","ping_status":"closed","template":"full-width.php","meta":{"footnotes":""},"class_list":["post-8581","page","type-page","status-publish","hentry"],"yoast_head":"<!-- This site is optimized with the Yoast SEO plugin v26.9 - https:\/\/yoast.com\/product\/yoast-seo-wordpress\/ -->\n<title>Carboxyth\u00e9rapie une m\u00e9thode th\u00e9rapeutique \u00e0 injecter du dioxyde de carbone - Tricogenesis<\/title>\n<meta name=\"description\" content=\"La Carboxyth\u00e9rapie est une m\u00e9thode th\u00e9rapeutique qui consiste \u00e0 injecter du dioxyde de carbone dans les tissus qui en ont besoin.\" \/>\n<meta name=\"robots\" content=\"index, follow, max-snippet:-1, max-image-preview:large, max-video-preview:-1\" \/>\n<link rel=\"canonical\" href=\"https:\/\/tricogenesis.com\/carbossiterapia\/\" \/>\n<meta property=\"og:locale\" content=\"fr_FR\" \/>\n<meta property=\"og:type\" content=\"article\" \/>\n<meta property=\"og:title\" content=\"Carboxyth\u00e9rapie une m\u00e9thode th\u00e9rapeutique \u00e0 injecter du dioxyde de carbone - Tricogenesis\" \/>\n<meta property=\"og:description\" content=\"La Carboxyth\u00e9rapie est une m\u00e9thode th\u00e9rapeutique qui consiste \u00e0 injecter du dioxyde de carbone dans les tissus qui en ont besoin.\" \/>\n<meta property=\"og:url\" content=\"https:\/\/tricogenesis.com\/carbossiterapia\/\" \/>\n<meta property=\"og:site_name\" content=\"Tricogenesis\" \/>\n<meta property=\"article:modified_time\" content=\"2023-06-10T15:00:30+00:00\" \/>\n<meta name=\"twitter:card\" content=\"summary_large_image\" \/>\n<meta name=\"twitter:label1\" content=\"Dur\u00e9e de lecture estim\u00e9e\" \/>\n\t<meta name=\"twitter:data1\" content=\"3 minutes\" \/>\n<script type=\"application\/ld+json\" class=\"yoast-schema-graph\">{\"@context\":\"https:\/\/schema.org\",\"@graph\":[{\"@type\":\"WebPage\",\"@id\":\"https:\/\/tricogenesis.com\/carbossiterapia\/\",\"url\":\"https:\/\/tricogenesis.com\/carbossiterapia\/\",\"name\":\"Carboxyth\u00e9rapie une m\u00e9thode th\u00e9rapeutique \u00e0 injecter du dioxyde de carbone - Tricogenesis\",\"isPartOf\":{\"@id\":\"https:\/\/tricogenesis.com\/#website\"},\"primaryImageOfPage\":{\"@id\":\"https:\/\/tricogenesis.com\/carbossiterapia\/#primaryimage\"},\"image\":{\"@id\":\"https:\/\/tricogenesis.com\/carbossiterapia\/#primaryimage\"},\"thumbnailUrl\":\"https:\/\/www.tricogenesis.com\/wp-content\/uploads\/2023\/06\/whatsapp-logo.svg\",\"datePublished\":\"2021-03-05T14:21:29+00:00\",\"dateModified\":\"2023-06-10T15:00:30+00:00\",\"description\":\"La Carboxyth\u00e9rapie est une m\u00e9thode th\u00e9rapeutique qui consiste \u00e0 injecter du dioxyde de carbone dans les tissus qui en ont besoin.\",\"breadcrumb\":{\"@id\":\"https:\/\/tricogenesis.com\/carbossiterapia\/#breadcrumb\"},\"inLanguage\":\"fr-FR\",\"potentialAction\":[{\"@type\":\"ReadAction\",\"target\":[\"https:\/\/tricogenesis.com\/carbossiterapia\/\"]}]},{\"@type\":\"ImageObject\",\"inLanguage\":\"fr-FR\",\"@id\":\"https:\/\/tricogenesis.com\/carbossiterapia\/#primaryimage\",\"url\":\"https:\/\/www.tricogenesis.com\/wp-content\/uploads\/2023\/06\/whatsapp-logo.svg\",\"contentUrl\":\"https:\/\/www.tricogenesis.com\/wp-content\/uploads\/2023\/06\/whatsapp-logo.svg\"},{\"@type\":\"BreadcrumbList\",\"@id\":\"https:\/\/tricogenesis.com\/carbossiterapia\/#breadcrumb\",\"itemListElement\":[{\"@type\":\"ListItem\",\"position\":1,\"name\":\"Tricogenesis\",\"item\":\"https:\/\/tricogenesis.com\/\"},{\"@type\":\"ListItem\",\"position\":2,\"name\":\"Carboxyth\u00e9rapie\"}]},{\"@type\":\"WebSite\",\"@id\":\"https:\/\/tricogenesis.com\/#website\",\"url\":\"https:\/\/tricogenesis.com\/\",\"name\":\"Tricogenesis\",\"description\":\"\",\"potentialAction\":[{\"@type\":\"SearchAction\",\"target\":{\"@type\":\"EntryPoint\",\"urlTemplate\":\"https:\/\/tricogenesis.com\/?s={search_term_string}\"},\"query-input\":{\"@type\":\"PropertyValueSpecification\",\"valueRequired\":true,\"valueName\":\"search_term_string\"}}],\"inLanguage\":\"fr-FR\"}]}<\/script>\n<!-- \/ Yoast SEO plugin. -->","yoast_head_json":{"title":"Carboxyth\u00e9rapie une m\u00e9thode th\u00e9rapeutique \u00e0 injecter du dioxyde de carbone - Tricogenesis","description":"La Carboxyth\u00e9rapie est une m\u00e9thode th\u00e9rapeutique qui consiste \u00e0 injecter du dioxyde de carbone dans les tissus qui en ont besoin.","robots":{"index":"index","follow":"follow","max-snippet":"max-snippet:-1","max-image-preview":"max-image-preview:large","max-video-preview":"max-video-preview:-1"},"canonical":"https:\/\/tricogenesis.com\/carbossiterapia\/","og_locale":"fr_FR","og_type":"article","og_title":"Carboxyth\u00e9rapie une m\u00e9thode th\u00e9rapeutique \u00e0 injecter du dioxyde de carbone - Tricogenesis","og_description":"La Carboxyth\u00e9rapie est une m\u00e9thode th\u00e9rapeutique qui consiste \u00e0 injecter du dioxyde de carbone dans les tissus qui en ont besoin.","og_url":"https:\/\/tricogenesis.com\/carbossiterapia\/","og_site_name":"Tricogenesis","article_modified_time":"2023-06-10T15:00:30+00:00","twitter_card":"summary_large_image","twitter_misc":{"Dur\u00e9e de lecture estim\u00e9e":"3 minutes"},"schema":{"@context":"https:\/\/schema.org","@graph":[{"@type":"WebPage","@id":"https:\/\/tricogenesis.com\/carbossiterapia\/","url":"https:\/\/tricogenesis.com\/carbossiterapia\/","name":"Carboxyth\u00e9rapie une m\u00e9thode th\u00e9rapeutique \u00e0 injecter du dioxyde de carbone - Tricogenesis","isPartOf":{"@id":"https:\/\/tricogenesis.com\/#website"},"primaryImageOfPage":{"@id":"https:\/\/tricogenesis.com\/carbossiterapia\/#primaryimage"},"image":{"@id":"https:\/\/tricogenesis.com\/carbossiterapia\/#primaryimage"},"thumbnailUrl":"https:\/\/www.tricogenesis.com\/wp-content\/uploads\/2023\/06\/whatsapp-logo.svg","datePublished":"2021-03-05T14:21:29+00:00","dateModified":"2023-06-10T15:00:30+00:00","description":"La Carboxyth\u00e9rapie est une m\u00e9thode th\u00e9rapeutique qui consiste \u00e0 injecter du dioxyde de carbone dans les tissus qui en ont besoin.","breadcrumb":{"@id":"https:\/\/tricogenesis.com\/carbossiterapia\/#breadcrumb"},"inLanguage":"fr-FR","potentialAction":[{"@type":"ReadAction","target":["https:\/\/tricogenesis.com\/carbossiterapia\/"]}]},{"@type":"ImageObject","inLanguage":"fr-FR","@id":"https:\/\/tricogenesis.com\/carbossiterapia\/#primaryimage","url":"https:\/\/www.tricogenesis.com\/wp-content\/uploads\/2023\/06\/whatsapp-logo.svg","contentUrl":"https:\/\/www.tricogenesis.com\/wp-content\/uploads\/2023\/06\/whatsapp-logo.svg"},{"@type":"BreadcrumbList","@id":"https:\/\/tricogenesis.com\/carbossiterapia\/#breadcrumb","itemListElement":[{"@type":"ListItem","position":1,"name":"Tricogenesis","item":"https:\/\/tricogenesis.com\/"},{"@type":"ListItem","position":2,"name":"Carboxyth\u00e9rapie"}]},{"@type":"WebSite","@id":"https:\/\/tricogenesis.com\/#website","url":"https:\/\/tricogenesis.com\/","name":"Tricogenesis","description":"","potentialAction":[{"@type":"SearchAction","target":{"@type":"EntryPoint","urlTemplate":"https:\/\/tricogenesis.com\/?s={search_term_string}"},"query-input":{"@type":"PropertyValueSpecification","valueRequired":true,"valueName":"search_term_string"}}],"inLanguage":"fr-FR"}]}},"_links":{"self":[{"href":"https:\/\/tricogenesis.com\/fr\/wp-json\/wp\/v2\/pages\/8581","targetHints":{"allow":["GET"]}}],"collection":[{"href":"https:\/\/tricogenesis.com\/fr\/wp-json\/wp\/v2\/pages"}],"about":[{"href":"https:\/\/tricogenesis.com\/fr\/wp-json\/wp\/v2\/types\/page"}],"author":[{"embeddable":true,"href":"https:\/\/tricogenesis.com\/fr\/wp-json\/wp\/v2\/users\/1"}],"replies":[{"embeddable":true,"href":"https:\/\/tricogenesis.com\/fr\/wp-json\/wp\/v2\/comments?post=8581"}],"version-history":[{"count":8,"href":"https:\/\/tricogenesis.com\/fr\/wp-json\/wp\/v2\/pages\/8581\/revisions"}],"predecessor-version":[{"id":9928,"href":"https:\/\/tricogenesis.com\/fr\/wp-json\/wp\/v2\/pages\/8581\/revisions\/9928"}],"wp:attachment":[{"href":"https:\/\/tricogenesis.com\/fr\/wp-json\/wp\/v2\/media?parent=8581"}],"curies":[{"name":"wp","href":"https:\/\/api.w.org\/{rel}","templated":true}]}}