{"id":8781,"date":"2021-03-05T15:30:50","date_gmt":"2021-03-05T14:30:50","guid":{"rendered":"https:\/\/www.tricogenesis.com\/politique-des-cookies\/"},"modified":"2021-03-05T15:31:57","modified_gmt":"2021-03-05T14:31:57","slug":"politique-des-cookies","status":"publish","type":"page","link":"https:\/\/tricogenesis.com\/fr\/politique-des-cookies\/","title":{"rendered":"Politique des cookies"},"content":{"rendered":"<div class=\"wpb-content-wrapper\"><p>[vc_row content_placement=\u00a0\u00bbmiddle\u00a0\u00bb css_animation=\u00a0\u00bbslideInUp\u00a0\u00bb row_content_width=\u00a0\u00bbgrid\u00a0\u00bb css=\u00a0\u00bb.vc_custom_1557154212153{padding-top: 50px !important;}\u00a0\u00bb][vc_column][vc_empty_space height=\u00a0\u00bb30&Prime;][\/vc_column][\/vc_row][vc_row row_content_width=\u00a0\u00bbgrid\u00a0\u00bb css=\u00a0\u00bb.vc_custom_1564733665483{margin-bottom: 20px !important;}\u00a0\u00bb][vc_column][vc_custom_heading text=\u00a0\u00bbPolitique des cookies\u00a0\u00bb use_theme_fonts=\u00a0\u00bbyes\u00a0\u00bb][vc_column_text]<br \/>\n<em>NOTE D\u2019INFORMATION \u00c9TENDUE SUR L\u2019UTILISATION DES COOKIES<\/em><\/p>\n<p><strong>QUE SONT LESCOOKIES?<\/strong><\/p>\n<p>Les cookies sont de courtes lignes de texte qui peuvent \u00eatre enregistr\u00e9es sur l&rsquo;ordinateur d&rsquo;un utilisateur lorsque le navigateur (par exemple Chrome, Firefox ou Internet Explorer) appelle un certain site Web.<\/p>\n<p><strong>\u00c0 QUOI SERVENT LESCOOKIES?<\/strong><\/p>\n<p>Les cookies stockent des informations utiles, qui sont mises \u00e0 jour \u00e0 chaque consultation du site: cela permet au site d&rsquo;am\u00e9liorer votre exp\u00e9rience de navigation. Ces informations peuvent \u00e9galement \u00eatre utilis\u00e9es \u00e0 des fins statistiques.<\/p>\n<p><strong>QUELS COOKIES SONT UTILIS\u00c9S SUR LE SITE?<\/strong><\/p>\n<p><u>COOKIES TECHNIQUES<\/u><br \/>\nIls sont essentiels pour naviguer en toute s\u00e9curit\u00e9 et profiter des services requis. La loi pr\u00e9voit leur utilisation m\u00eame en l&rsquo;absence de consentement explicite. Les informations ne sont pas utilis\u00e9es \u00e0 des fins commerciales et ne pr\u00e9voient en aucun cas la sauvegarde des donn\u00e9es.<\/p>\n<p><u>COOKIES DE PROFILAGE<\/u><br \/>\nIls gardent une trace des choix effectu\u00e9s sur le site. Les donn\u00e9es collect\u00e9es sous forme agr\u00e9g\u00e9e pr\u00e9servent votre anonymat et peuvent \u00eatre utilis\u00e9es \u00e0 des fins statistiques, comme dans le cas des cookies Google Universal Analytics ou SlimStat.<\/p>\n<p>En plus de ceux qui se trouvent sur le domaine du site Web, il existe des cookies\u00abtiers\u00bb, c&rsquo;est-\u00e0-dire pr\u00e9sents sur d\u2019autres sites Web ou serveurs Web: certains \u00e9l\u00e9ments, tels que les cartes de Google Maps, Facebook, Twitter, Google+, etc. se trouvent en effet sur d\u2019autres serveurs que ceux qui se trouvent sur la page visit\u00e9e.<\/p>\n<p><strong>Liste des cookies analytiques utilis\u00e9s sur ce site web<\/strong><\/p>\n<p>Cookie message : cookie_notice_accepted \u2013 Dur\u00e9e: infinie<\/p>\n<p><strong>Plus d\u2019informations sur les \u00a0 cookies:<\/strong><\/p>\n<ul>\n<li><a href=\"http:\/\/www.allaboutcookies.org\/\">www.allaboutcookies.org<\/a><\/li>\n<li><a href=\"http:\/\/www.youronlinechoices.eu\/\">www.youronlinechoices.eu<\/a><\/li>\n<\/ul>\n<p>Vid\u00e9o guid\u00e9e de Google \u00e0 propos des cookies\u00a0<a href=\"https:\/\/www.youtube.com\/watch?v=TBR-xtJVq7E\">a look at cookies<\/a><\/p>\n<p><strong>\u00a0<\/strong><\/p>\n<p><strong>COMMENT D\u00c9SACTIVER LES COOKIES<\/strong><\/p>\n<p>Vous pouvez les d\u00e9sactiver directement depuis le navigateur que vous utilisez, en suivant les instructions que vous trouverez en bas de page.<\/p>\n<p>Toutefois, rappelez-vous que le site a besoin de cookies pour fonctionner de mani\u00e8re optimale: en d\u00e9sactivant les cookies, vous pouvez d\u00e9sactiver certaines de ses fonctionnalit\u00e9s.<\/p>\n<p><strong>\u00a0<\/strong><\/p>\n<p><strong>PLUS D\u2019INFORMATIONS<\/strong><\/p>\n<p>Pour plus d&rsquo;informations sur les cookies tiers, vous pouvez consulter les politiques de:<\/p>\n<p><a href=\"https:\/\/www.google.com\/policies\/privacy\/\">Google<\/a>; Google Analytics (\u00a0<a href=\"https:\/\/support.google.com\/analytics\/answer\/6004245\">Sauvegarde des donn\u00e9es<\/a>\u00a0et\u00a0<a href=\"https:\/\/support.google.com\/analytics\/answer\/2838718\">S\u00e9curit\u00e9 etconfidentialit\u00e9<\/a>)<\/p>\n<p>Pour emp\u00eacher l\u2019utilisation de vos donn\u00e9es de la part de Google Analytics\u00a0<a href=\"https:\/\/tools.google.com\/dlpage\/gaoptout\">cliquerici<\/a>.<\/p>\n<p>Le garant de la Protection des Donn\u00e9es Personnelles consacre un espace suffisant aux cookies. Quelques informations\u00a0<u>ici<\/u>.<\/p>\n<p><strong>CONSIGNES \u2013\u00a0<\/strong>Comment modifier les param\u00e8tres d\u00e9sactiver\/supprimer les cookies<\/p>\n<p>Guide de \u00a0<a href=\"https:\/\/support.google.com\/chrome\/answer\/95647?hl=it\">Google Chrome<\/a><\/p>\n<p>Guide de\u00a0<a href=\"https:\/\/support.mozilla.org\/it\/kb\/Attivare%20e%20disattivare%20i%20cookie\">Firefox<\/a><\/p>\n<p>Guide d\u2019\u00a0<a href=\"http:\/\/windows.microsoft.com\/it-it\/internet-explorer\/delete-manage-cookies#ie=ie-11\">Internet explorer<\/a><\/p>\n<p>Guide d\u2019\u00a0<a href=\"https:\/\/support.apple.com\/it-it\/HT201265\">Apple Safari<\/a><\/p>\n<p><strong>Note:<\/strong>Les op\u00e9rations requises pour la d\u00e9sactivation peuvent varier selon la version du navigateur utilis\u00e9.<br \/>\n[\/vc_column_text][vc_empty_space height=\u00a0\u00bb60&Prime;][\/vc_column][\/vc_row][vc_row content_placement=\u00a0\u00bbmiddle\u00a0\u00bb parallax=\u00a0\u00bbcontent-moving\u00a0\u00bb parallax_image=\u00a0\u00bb7434&Prime; css_animation=\u00a0\u00bbnone\u00a0\u00bb disable_background_image=\u00a0\u00bb\u00a0\u00bb content_text_aligment=\u00a0\u00bbcenter\u00a0\u00bb css=\u00a0\u00bb.vc_custom_1612532585104{margin-top: 120px !important;padding-top: 350px !important;padding-bottom: 350px !important;}\u00a0\u00bb simple_background_image=\u00a0\u00bb6934&Prime;][vc_column][\/vc_column][\/vc_row][vc_row css=\u00a0\u00bb.vc_custom_1565338464586{background-image: url(https:\/\/www.tricogenesis.com\/wp-content\/uploads\/2019\/08\/banda-BLU-ESE-piccola.jpg?id=7059) !important;}\u00a0\u00bb][vc_column][vc_empty_space height=\u00a0\u00bb80&Prime;][\/vc_column][\/vc_row]<\/p>\n<\/div>","protected":false},"excerpt":{"rendered":"<p>[vc_row content_placement=\u00a0\u00bbmiddle\u00a0\u00bb css_animation=\u00a0\u00bbslideInUp\u00a0\u00bb row_content_width=\u00a0\u00bbgrid\u00a0\u00bb css=\u00a0\u00bb.vc_custom_1557154212153{padding-top: 50px !important;}\u00a0\u00bb][vc_column][vc_empty_space height=\u00a0\u00bb30&Prime;][\/vc_column][\/vc_row][vc_row row_content_width=\u00a0\u00bbgrid\u00a0\u00bb css=\u00a0\u00bb.vc_custom_1564733665483{margin-bottom: 20px !important;}\u00a0\u00bb][vc_column][vc_custom_heading text=\u00a0\u00bbPolitique des cookies\u00a0\u00bb use_theme_fonts=\u00a0\u00bbyes\u00a0\u00bb][vc_column_text] NOTE D\u2019INFORMATION \u00c9TENDUE SUR L\u2019UTILISATION DES COOKIES QUE SONT LESCOOKIES? Les cookies sont de courtes lignes de texte qui peuvent \u00eatre enregistr\u00e9es sur l&rsquo;ordinateur [&hellip;]<\/p>\n","protected":false},"author":1,"featured_media":0,"parent":0,"menu_order":0,"comment_status":"closed","ping_status":"closed","template":"full-width.php","meta":{"footnotes":""},"class_list":["post-8781","page","type-page","status-publish","hentry"],"yoast_head":"<!-- This site is optimized with the Yoast SEO plugin v26.9 - https:\/\/yoast.com\/product\/yoast-seo-wordpress\/ -->\n<title>Politique des cookies, Prevenire la Caduta dei Capelli - Tricogenesis<\/title>\n<meta name=\"description\" content=\"La visita tricologica preventiva consente di evidenziare eventuali problematiche che potrebbero causare la caduta dei capelli. Eseguita all\u2019insorgere del problema, \u00e8 il primo passo essenziale per effettuare una diagnosi corretta e valutare, se necessario, la soluzione pi\u00f9 efficace per la risoluzione della patologia.\" \/>\n<meta name=\"robots\" content=\"index, follow, max-snippet:-1, max-image-preview:large, max-video-preview:-1\" \/>\n<link rel=\"canonical\" href=\"https:\/\/tricogenesis.com\/cookie-policy\/\" \/>\n<meta property=\"og:locale\" content=\"fr_FR\" \/>\n<meta property=\"og:type\" content=\"article\" \/>\n<meta property=\"og:title\" content=\"Politique des cookies, Prevenire la Caduta dei Capelli - Tricogenesis\" \/>\n<meta property=\"og:description\" content=\"La visita tricologica preventiva consente di evidenziare eventuali problematiche che potrebbero causare la caduta dei capelli. Eseguita all\u2019insorgere del problema, \u00e8 il primo passo essenziale per effettuare una diagnosi corretta e valutare, se necessario, la soluzione pi\u00f9 efficace per la risoluzione della patologia.\" \/>\n<meta property=\"og:url\" content=\"https:\/\/tricogenesis.com\/cookie-policy\/\" \/>\n<meta property=\"og:site_name\" content=\"Tricogenesis\" \/>\n<meta property=\"article:modified_time\" content=\"2021-03-05T14:31:57+00:00\" \/>\n<meta name=\"twitter:card\" content=\"summary_large_image\" \/>\n<meta name=\"twitter:label1\" content=\"Dur\u00e9e de lecture estim\u00e9e\" \/>\n\t<meta name=\"twitter:data1\" content=\"3 minutes\" \/>\n<script type=\"application\/ld+json\" class=\"yoast-schema-graph\">{\"@context\":\"https:\/\/schema.org\",\"@graph\":[{\"@type\":\"WebPage\",\"@id\":\"https:\/\/tricogenesis.com\/cookie-policy\/\",\"url\":\"https:\/\/tricogenesis.com\/cookie-policy\/\",\"name\":\"Politique des cookies, Prevenire la Caduta dei Capelli - Tricogenesis\",\"isPartOf\":{\"@id\":\"https:\/\/tricogenesis.com\/#website\"},\"datePublished\":\"2021-03-05T14:30:50+00:00\",\"dateModified\":\"2021-03-05T14:31:57+00:00\",\"description\":\"La visita tricologica preventiva consente di evidenziare eventuali problematiche che potrebbero causare la caduta dei capelli. Eseguita all\u2019insorgere del problema, \u00e8 il primo passo essenziale per effettuare una diagnosi corretta e valutare, se necessario, la soluzione pi\u00f9 efficace per la risoluzione della patologia.\",\"breadcrumb\":{\"@id\":\"https:\/\/tricogenesis.com\/cookie-policy\/#breadcrumb\"},\"inLanguage\":\"fr-FR\",\"potentialAction\":[{\"@type\":\"ReadAction\",\"target\":[\"https:\/\/tricogenesis.com\/cookie-policy\/\"]}]},{\"@type\":\"BreadcrumbList\",\"@id\":\"https:\/\/tricogenesis.com\/cookie-policy\/#breadcrumb\",\"itemListElement\":[{\"@type\":\"ListItem\",\"position\":1,\"name\":\"Tricogenesis\",\"item\":\"https:\/\/tricogenesis.com\/\"},{\"@type\":\"ListItem\",\"position\":2,\"name\":\"Politique des cookies\"}]},{\"@type\":\"WebSite\",\"@id\":\"https:\/\/tricogenesis.com\/#website\",\"url\":\"https:\/\/tricogenesis.com\/\",\"name\":\"Tricogenesis\",\"description\":\"\",\"potentialAction\":[{\"@type\":\"SearchAction\",\"target\":{\"@type\":\"EntryPoint\",\"urlTemplate\":\"https:\/\/tricogenesis.com\/?s={search_term_string}\"},\"query-input\":{\"@type\":\"PropertyValueSpecification\",\"valueRequired\":true,\"valueName\":\"search_term_string\"}}],\"inLanguage\":\"fr-FR\"}]}<\/script>\n<!-- \/ Yoast SEO plugin. -->","yoast_head_json":{"title":"Politique des cookies, Prevenire la Caduta dei Capelli - Tricogenesis","description":"La visita tricologica preventiva consente di evidenziare eventuali problematiche che potrebbero causare la caduta dei capelli. Eseguita all\u2019insorgere del problema, \u00e8 il primo passo essenziale per effettuare una diagnosi corretta e valutare, se necessario, la soluzione pi\u00f9 efficace per la risoluzione della patologia.","robots":{"index":"index","follow":"follow","max-snippet":"max-snippet:-1","max-image-preview":"max-image-preview:large","max-video-preview":"max-video-preview:-1"},"canonical":"https:\/\/tricogenesis.com\/cookie-policy\/","og_locale":"fr_FR","og_type":"article","og_title":"Politique des cookies, Prevenire la Caduta dei Capelli - Tricogenesis","og_description":"La visita tricologica preventiva consente di evidenziare eventuali problematiche che potrebbero causare la caduta dei capelli. Eseguita all\u2019insorgere del problema, \u00e8 il primo passo essenziale per effettuare una diagnosi corretta e valutare, se necessario, la soluzione pi\u00f9 efficace per la risoluzione della patologia.","og_url":"https:\/\/tricogenesis.com\/cookie-policy\/","og_site_name":"Tricogenesis","article_modified_time":"2021-03-05T14:31:57+00:00","twitter_card":"summary_large_image","twitter_misc":{"Dur\u00e9e de lecture estim\u00e9e":"3 minutes"},"schema":{"@context":"https:\/\/schema.org","@graph":[{"@type":"WebPage","@id":"https:\/\/tricogenesis.com\/cookie-policy\/","url":"https:\/\/tricogenesis.com\/cookie-policy\/","name":"Politique des cookies, Prevenire la Caduta dei Capelli - Tricogenesis","isPartOf":{"@id":"https:\/\/tricogenesis.com\/#website"},"datePublished":"2021-03-05T14:30:50+00:00","dateModified":"2021-03-05T14:31:57+00:00","description":"La visita tricologica preventiva consente di evidenziare eventuali problematiche che potrebbero causare la caduta dei capelli. Eseguita all\u2019insorgere del problema, \u00e8 il primo passo essenziale per effettuare una diagnosi corretta e valutare, se necessario, la soluzione pi\u00f9 efficace per la risoluzione della patologia.","breadcrumb":{"@id":"https:\/\/tricogenesis.com\/cookie-policy\/#breadcrumb"},"inLanguage":"fr-FR","potentialAction":[{"@type":"ReadAction","target":["https:\/\/tricogenesis.com\/cookie-policy\/"]}]},{"@type":"BreadcrumbList","@id":"https:\/\/tricogenesis.com\/cookie-policy\/#breadcrumb","itemListElement":[{"@type":"ListItem","position":1,"name":"Tricogenesis","item":"https:\/\/tricogenesis.com\/"},{"@type":"ListItem","position":2,"name":"Politique des cookies"}]},{"@type":"WebSite","@id":"https:\/\/tricogenesis.com\/#website","url":"https:\/\/tricogenesis.com\/","name":"Tricogenesis","description":"","potentialAction":[{"@type":"SearchAction","target":{"@type":"EntryPoint","urlTemplate":"https:\/\/tricogenesis.com\/?s={search_term_string}"},"query-input":{"@type":"PropertyValueSpecification","valueRequired":true,"valueName":"search_term_string"}}],"inLanguage":"fr-FR"}]}},"_links":{"self":[{"href":"https:\/\/tricogenesis.com\/fr\/wp-json\/wp\/v2\/pages\/8781","targetHints":{"allow":["GET"]}}],"collection":[{"href":"https:\/\/tricogenesis.com\/fr\/wp-json\/wp\/v2\/pages"}],"about":[{"href":"https:\/\/tricogenesis.com\/fr\/wp-json\/wp\/v2\/types\/page"}],"author":[{"embeddable":true,"href":"https:\/\/tricogenesis.com\/fr\/wp-json\/wp\/v2\/users\/1"}],"replies":[{"embeddable":true,"href":"https:\/\/tricogenesis.com\/fr\/wp-json\/wp\/v2\/comments?post=8781"}],"version-history":[{"count":2,"href":"https:\/\/tricogenesis.com\/fr\/wp-json\/wp\/v2\/pages\/8781\/revisions"}],"predecessor-version":[{"id":8783,"href":"https:\/\/tricogenesis.com\/fr\/wp-json\/wp\/v2\/pages\/8781\/revisions\/8783"}],"wp:attachment":[{"href":"https:\/\/tricogenesis.com\/fr\/wp-json\/wp\/v2\/media?parent=8781"}],"curies":[{"name":"wp","href":"https:\/\/api.w.org\/{rel}","templated":true}]}}