{"id":8892,"date":"2021-03-05T15:38:45","date_gmt":"2021-03-05T14:38:45","guid":{"rendered":"https:\/\/www.tricogenesis.com\/quest-ce-que-la-consultation-trichologique\/"},"modified":"2023-06-10T16:58:53","modified_gmt":"2023-06-10T14:58:53","slug":"quest-ce-que-la-consultation-trichologique","status":"publish","type":"page","link":"https:\/\/tricogenesis.com\/fr\/quest-ce-que-la-consultation-trichologique\/","title":{"rendered":"Qu\u2019est-ce que la consultation trichologique?"},"content":{"rendered":"<div class=\"wpb-content-wrapper\"><p>[vc_row content_placement=\u00a0\u00bbmiddle\u00a0\u00bb css_animation=\u00a0\u00bbslideInUp\u00a0\u00bb row_content_width=\u00a0\u00bbgrid\u00a0\u00bb css=\u00a0\u00bb.vc_custom_1557154212153{padding-top: 50px !important;}\u00a0\u00bb][vc_column][vc_empty_space height=\u00a0\u00bb30&Prime;][\/vc_column][\/vc_row][vc_row row_content_width=\u00a0\u00bbgrid\u00a0\u00bb css=\u00a0\u00bb.vc_custom_1564733665483{margin-bottom: 20px !important;}\u00a0\u00bb][vc_column][vc_custom_heading text=\u00a0\u00bbQu\u2019est-ce que la consultation trichologique?\u00a0\u00bb font_container=\u00a0\u00bbtag:h2|font_size:33|text_align:left\u00a0\u00bb use_theme_fonts=\u00a0\u00bbyes\u00a0\u00bb][vc_column_text]La consultation trichologiquede pr\u00e9vention permet de mettre en relief d\u2019\u00e9ventuels aspects pouvant causer la perte des cheveux.\u00a0 Effectu\u00e9e d\u00e8s l\u2019apparition du probl\u00e8me, elle constitue un premier pas essentiel pour effectuer un diagnostic correct et envisager, si n\u00e9cessaire, la solution la plusefficace pour r\u00e9soudre la pathologie en question.[\/vc_column_text][vc_empty_space height=\u00a0\u00bb60&Prime;][\/vc_column][\/vc_row][vc_row row_content_width=\u00a0\u00bbgrid\u00a0\u00bb][vc_column][vc_single_image image=\u00a0\u00bb8898&Prime; img_size=\u00a0\u00bbfull\u00a0\u00bb alignment=\u00a0\u00bbcenter\u00a0\u00bb][\/vc_column][\/vc_row][vc_row css=\u00a0\u00bb.vc_custom_1565339187648{margin-top: 80px !important;}\u00a0\u00bb simple_background_color=\u00a0\u00bb#dd003b\u00a0\u00bb][vc_column][vc_empty_space height=\u00a0\u00bb15&Prime;][\/vc_column][\/vc_row][vc_row row_content_width=\u00a0\u00bbgrid\u00a0\u00bb css=\u00a0\u00bb.vc_custom_1564733681220{margin-top: 80px !important;margin-bottom: 80px !important;}\u00a0\u00bb][vc_column][vc_custom_heading text=\u00a0\u00bbComment se d\u00e9roule la premi\u00e8res\u00e9ance?\u00a0\u00bb font_container=\u00a0\u00bbtag:h2|font_size:33|text_align:left\u00a0\u00bb use_theme_fonts=\u00a0\u00bbyes\u00a0\u00bb][vc_column_text]<strong>Anamn\u00e9sie<\/strong><\/p>\n<p>Avant de proc\u00e9der aux v\u00e9rification sur l&rsquo;\u00e9tendue de la perte de cheveux, la calvitie ou tout autre probl\u00e8me, une anamn\u00e8se du patient est r\u00e9alis\u00e9e au cours d\u2019un entretien pr\u00e9liminaire et par le biais de questions cibl\u00e9es, afin de recueillir des informations utiles pour conna\u00eetre sa situation g\u00e9n\u00e9rale en mati\u00e8re d\u2019alimentation, d\u2019\u00e9ventuelles circonstances de stress, de facteurs h\u00e9r\u00e9ditaires pr\u00e9sents dans la famille, du mode de nettoyage et d&rsquo;hygi\u00e8ne des cheveux (lavage, produits utilis\u00e9s), etc, en plus des exp\u00e9riences et tentatives d\u00e9j\u00e0 faites dans le domaine trichologique, des r\u00e9sultats obtenus et des attentes du patient.[\/vc_column_text][vc_column_text]<strong>Examen objectif et direct du cuir chevelu<\/strong><\/p>\n<p>Apr\u00e8s le d\u00e9pistage initial, nous proc\u00e9dons \u00e0 un examen physique direct, en effectuant une analyse du cuir chevelu et du cheveu pour \u00e9valuer son \u00e9tat de sant\u00e9 et la pr\u00e9sence d&rsquo;\u00e9ventuelles pathologies.<\/p>\n<p>\u00c0 partir de l&rsquo;ensemble des donn\u00e9es ainsi collect\u00e9es, on peut d\u00e9duire le besoin d&rsquo;examens plus approfondis tels que la <strong>trichoscopie<\/strong>, le <strong>trichogramme<\/strong>par le biais de la microscopie en lumi\u00e8re polaris\u00e9e, les <strong>bilans sanguins<\/strong> et la <strong>biopsie<\/strong>, repr\u00e9sentant globalement des aides valables \u00e0 la fois dans le diagnostic des pathologies du cuir chevelu que dans le contr\u00f4le des th\u00e9rapies relatives.<\/p>\n<p>La <strong>trichoscopie num\u00e9rique<\/strong> est un examen direct qui fournit des d\u00e9tails du cheveu invisibles avec une loupe classique. L&rsquo;observation se fait par dermatoscope, un appareil sp\u00e9cial \u00e0 haute r\u00e9solution qui permet de voir en direct et sur un \u00e9cran l&rsquo;image agrandie du cuir chevelu, aidant \u00e0 identifier certaines pathologies qui provoquent l&rsquo;alop\u00e9cie et l&rsquo;amincissement des cheveux (alop\u00e9cie androg\u00e9n\u00e9tique, alop\u00e9cie diffuse, trichotillomanie, tineacapitis, lichen, effluvium etc.)<\/p>\n<p>Une m\u00e9thode rapide et non-invasive qui permet \u00e9galement de sauvegarder les images, pour pouvoir les comparer ult\u00e9rieurement avec celles des r\u00e9sultats des traitements effectu\u00e9s.<\/p>\n<p>Le <strong>trichogramme par microscopie en lumi\u00e8re polaris\u00e9e<\/strong> est l&rsquo;examen microscopique de la totalit\u00e9 du cheveu extrait du cuir chevelu, qui fournit des indications diagnostiques pr\u00e9cises et des donn\u00e9es fiables sur la qualit\u00e9 de la structure du cheveu. L&rsquo;examen permet de v\u00e9rifier la vitalit\u00e9 des cheveux en comparant le nombre de ceux qui sont en phase de croissance avec celui de ceux qui sont en phase de chute et, \u00e0 travers la polarisation des images, renseigne sur l&rsquo;\u00e9tat qualitatif du bulbe et du cheveu. Cet examen permet de formuler des recommandations diagnostiques cibl\u00e9es.[\/vc_column_text][vc_empty_space height=\u00a0\u00bb60&Prime;][\/vc_column][\/vc_row][vc_row full_width=\u00a0\u00bbstretch_row\u00a0\u00bb parallax=\u00a0\u00bbcontent-moving\u00a0\u00bb parallax_image=\u00a0\u00bb7003&Prime; css=\u00a0\u00bb.vc_custom_1565250695375{padding-top: 300px !important;padding-bottom: 300px !important;}\u00a0\u00bb][vc_column][\/vc_column][\/vc_row][vc_row row_content_width=\u00a0\u00bbgrid\u00a0\u00bb css=\u00a0\u00bb.vc_custom_1565251179990{margin-top: 80px !important;margin-bottom: 20px !important;}\u00a0\u00bb][vc_column]<div class=\"mkd-section-title-holder  \" style=\"text-align: center\">\n\t<div class=\"mkd-st-inner\">\n\t\t\t\t\t\t\t\t\t<p class=\"mkd-st-text\" style=\"font-size: 25px\">\n\t\t\t\tL'alop\u00e9cie peut avoir plusieurs origines, qui peuvent se produire de mani\u00e8re isol\u00e9e ou \u00eatre dues \u00e0 diff\u00e9rentes associations de causes chez le m\u00eame sujet. Les images kal\u00e9idoscopiques fournies par la microscopie en lumi\u00e8re polaris\u00e9e, qui mettent en \u00e9vidence des alt\u00e9rations de forme, de structure et de composition que ce soit de la tige et du bulbe du cheveu, sont une aide valable pour une d\u00e9finition pr\u00e9coce des raisons qui peuvent conduire \u00e0 la chute des cheveux. Cet examen, associ\u00e9 \u00e0 une anamn\u00e8se pr\u00e9cise, permet l\u2019\u00e9laboration d'une cure sp\u00e9cifique pour que les cheveux retrouvent leur sant\u00e9.\t\t\t<\/p>\n\t\t\t<\/div>\n<\/div>[\/vc_column][\/vc_row][vc_row content_placement=\u00a0\u00bbmiddle\u00a0\u00bb parallax=\u00a0\u00bbcontent-moving\u00a0\u00bb parallax_image=\u00a0\u00bb7434&Prime; css_animation=\u00a0\u00bbnone\u00a0\u00bb disable_background_image=\u00a0\u00bb\u00a0\u00bb content_text_aligment=\u00a0\u00bbcenter\u00a0\u00bb css=\u00a0\u00bb.vc_custom_1570099208231{margin-top: 120px !important;padding-top: 350px !important;padding-bottom: 350px !important;}\u00a0\u00bb simple_background_image=\u00a0\u00bb6934&Prime;][vc_column][\/vc_column][\/vc_row][vc_row row_content_width=\u00a0\u00bbgrid\u00a0\u00bb][vc_column width=\u00a0\u00bb1\/3&Prime;][\/vc_column][vc_column width=\u00a0\u00bb1\/3&Prime;][vc_empty_space height=\u00a0\u00bb80&Prime;][vc_column_text]<\/p>\n<h5 style=\"text-align: center;\">r\u00e9servez votre consultation au num\u00e9ro<\/h5>\n<h3 style=\"text-align: center;\"><strong><a class=\"mkd-icon-has-hover\" href=\"tel: +39 351 5281191\" data-hover-color=\"#7d8a83\">+39 351 5281191<\/a><\/strong><\/h3>\n<p>&nbsp;<\/p>\n<h5 style=\"text-align: center;\">par WhatsApp<\/h5>\n<p><a href=\"tel:https:\/\/wa.me\/+393515281191\"><br \/>\n<img loading=\"lazy\" decoding=\"async\" class=\"size-medium wp-image-9910 aligncenter\" src=\"https:\/\/www.tricogenesis.com\/wp-content\/uploads\/2023\/06\/whatsapp-logo.svg\" alt=\"\" width=\"40\" height=\"40\" srcset=\"https:\/\/tricogenesis.com\/wp-content\/uploads\/whatsapp-logo.svg 150w, https:\/\/tricogenesis.com\/wp-content\/uploads\/whatsapp-logo.svg 300w, https:\/\/tricogenesis.com\/wp-content\/uploads\/whatsapp-logo.svg 768w, https:\/\/tricogenesis.com\/wp-content\/uploads\/whatsapp-logo.svg 1024w, https:\/\/tricogenesis.com\/wp-content\/uploads\/whatsapp-logo.svg 50w\" sizes=\"auto, (max-width: 40px) 100vw, 40px\" \/><br \/>\n<\/a><\/p>\n<h5 style=\"text-align: center;\">ou bien \u00e0 l\u2019adresse<\/h5>\n<h5 style=\"text-align: center;\"><a class=\"mkd-icon-has-hover\" href=\"mailto:info@tricogenesis.com\" data-hover-color=\"#7d8a83\">info@tricogenesis.com<\/a><\/h5>\n<p>[\/vc_column_text][\/vc_column][vc_column width=\u00a0\u00bb1\/3&Prime;][\/vc_column][\/vc_row][vc_row css=\u00a0\u00bb.vc_custom_1565339211211{margin-top: 80px !important;}\u00a0\u00bb simple_background_color=\u00a0\u00bb#dd003b\u00a0\u00bb][vc_column][vc_empty_space height=\u00a0\u00bb15&Prime;][\/vc_column][\/vc_row][vc_row row_content_width=\u00a0\u00bbgrid\u00a0\u00bb css=\u00a0\u00bb.vc_custom_1564998986726{margin-top: 80px !important;}\u00a0\u00bb][vc_column width=\u00a0\u00bb1\/4&Prime;][\/vc_column][vc_column width=\u00a0\u00bb1\/2&Prime;][vc_single_image image=\u00a0\u00bb7550&Prime; img_size=\u00a0\u00bbfull\u00a0\u00bb alignment=\u00a0\u00bbcenter\u00a0\u00bb][vc_empty_space height=\u00a0\u00bb50&Prime;][vc_column_text]<\/p>\n<h5 style=\"text-align: center;\">Si vous souhaitez avoir plus d\u2019informations, remplissez le formulaire suivant et nous vous contacterons le plus rapidement possible.<\/h5>\n<p>[\/vc_column_text][vc_empty_space height=\u00a0\u00bb50&Prime;]\n<div class=\"wpcf7 no-js\" id=\"wpcf7-f9487-o1\" lang=\"fr-FR\" dir=\"ltr\" data-wpcf7-id=\"9487\">\n<div class=\"screen-reader-response\"><p role=\"status\" aria-live=\"polite\" aria-atomic=\"true\"><\/p> <ul><\/ul><\/div>\n<form action=\"\/fr\/wp-json\/wp\/v2\/pages\/8892#wpcf7-f9487-o1\" method=\"post\" class=\"wpcf7-form init\" aria-label=\"Formulaire de contact\" novalidate=\"novalidate\" data-status=\"init\">\n<fieldset class=\"hidden-fields-container\"><input type=\"hidden\" name=\"_wpcf7\" value=\"9487\" \/><input type=\"hidden\" name=\"_wpcf7_version\" value=\"6.1.4\" \/><input type=\"hidden\" name=\"_wpcf7_locale\" value=\"fr_FR\" \/><input type=\"hidden\" name=\"_wpcf7_unit_tag\" value=\"wpcf7-f9487-o1\" \/><input type=\"hidden\" name=\"_wpcf7_container_post\" value=\"0\" \/><input type=\"hidden\" name=\"_wpcf7_posted_data_hash\" value=\"\" \/><input type=\"hidden\" name=\"_wpcf7_recaptcha_response\" value=\"\" \/>\n<\/fieldset>\n<div class=\"mkd-cf7-contact-form\">\n\t<p><span class=\"wpcf7-form-control-wrap\" data-name=\"nome\"><input size=\"40\" maxlength=\"400\" class=\"wpcf7-form-control wpcf7-text wpcf7-validates-as-required\" id=\"bordo-speciale\" aria-required=\"true\" aria-invalid=\"false\" placeholder=\"Nom\" value=\"\" type=\"text\" name=\"nome\" \/><\/span><br \/>\n<span class=\"wpcf7-form-control-wrap\" data-name=\"cognome\"><input size=\"40\" maxlength=\"400\" class=\"wpcf7-form-control wpcf7-text wpcf7-validates-as-required\" aria-required=\"true\" aria-invalid=\"false\" placeholder=\"Prenom\" value=\"\" type=\"text\" name=\"cognome\" \/><\/span><br \/>\n<span class=\"wpcf7-form-control-wrap\" data-name=\"telefono\"><input size=\"40\" maxlength=\"400\" class=\"wpcf7-form-control wpcf7-text wpcf7-validates-as-required\" aria-required=\"true\" aria-invalid=\"false\" placeholder=\"Phone\" value=\"\" type=\"text\" name=\"telefono\" \/><\/span><br \/>\n<span class=\"wpcf7-form-control-wrap\" data-name=\"email-333\"><input size=\"40\" maxlength=\"400\" class=\"wpcf7-form-control wpcf7-email wpcf7-text wpcf7-validates-as-email\" aria-invalid=\"false\" placeholder=\"E-mail\" value=\"\" type=\"email\" name=\"email-333\" \/><\/span><br \/>\n<span class=\"wpcf7-form-control-wrap\" data-name=\"textarea-768\"><textarea cols=\"40\" rows=\"1\" maxlength=\"2000\" class=\"wpcf7-form-control wpcf7-textarea\" aria-invalid=\"false\" placeholder=\"Message\" name=\"textarea-768\"><\/textarea><\/span><br \/>\n<span class=\"mkd-submit-button-wrapper\"><br \/>\n<input class=\"wpcf7-form-control wpcf7-submit has-spinner\" type=\"submit\" value=\"Envoyer\" \/><span class=\"mkd-submit-btn-icon arrow_right\"><\/span><br \/>\n<\/span>\n\t<\/p>\n<\/div><div class=\"wpcf7-response-output\" aria-hidden=\"true\"><\/div>\n<\/form>\n<\/div>\n[\/vc_column][vc_column width=\u00a0\u00bb1\/4&Prime;][\/vc_column][\/vc_row][vc_row css_animation=\u00a0\u00bbnone\u00a0\u00bb css=\u00a0\u00bb.vc_custom_1557221901867{padding-top: 40px !important;}\u00a0\u00bb][vc_column][vc_empty_space height=\u00a0\u00bb160&Prime;][\/vc_column][\/vc_row][vc_row css=\u00a0\u00bb.vc_custom_1565338464586{background-image: url(https:\/\/www.tricogenesis.com\/wp-content\/uploads\/2019\/08\/banda-BLU-ESE-piccola.jpg?id=7059) !important;}\u00a0\u00bb][vc_column][vc_empty_space height=\u00a0\u00bb80&Prime;][\/vc_column][\/vc_row]<\/p>\n<\/div>","protected":false},"excerpt":{"rendered":"<p>[vc_row content_placement=\u00a0\u00bbmiddle\u00a0\u00bb css_animation=\u00a0\u00bbslideInUp\u00a0\u00bb row_content_width=\u00a0\u00bbgrid\u00a0\u00bb css=\u00a0\u00bb.vc_custom_1557154212153{padding-top: 50px !important;}\u00a0\u00bb][vc_column][vc_empty_space height=\u00a0\u00bb30&Prime;][\/vc_column][\/vc_row][vc_row row_content_width=\u00a0\u00bbgrid\u00a0\u00bb css=\u00a0\u00bb.vc_custom_1564733665483{margin-bottom: 20px !important;}\u00a0\u00bb][vc_column][vc_custom_heading text=\u00a0\u00bbQu\u2019est-ce que la consultation trichologique?\u00a0\u00bb font_container=\u00a0\u00bbtag:h2|font_size:33|text_align:left\u00a0\u00bb use_theme_fonts=\u00a0\u00bbyes\u00a0\u00bb][vc_column_text]La consultation trichologiquede pr\u00e9vention permet de mettre en relief d\u2019\u00e9ventuels aspects pouvant causer la perte des cheveux.\u00a0 Effectu\u00e9e d\u00e8s l\u2019apparition du probl\u00e8me, [&hellip;]<\/p>\n","protected":false},"author":1,"featured_media":0,"parent":0,"menu_order":0,"comment_status":"closed","ping_status":"closed","template":"full-width.php","meta":{"footnotes":""},"class_list":["post-8892","page","type-page","status-publish","hentry"],"yoast_head":"<!-- This site is optimized with the Yoast SEO plugin v26.9 - https:\/\/yoast.com\/product\/yoast-seo-wordpress\/ -->\n<title>Qu\u2019est-ce que la consultation trichologique?, Prevenire la Caduta dei Capelli - Tricogenesis<\/title>\n<meta name=\"description\" content=\"La consultation trichologiquede pr\u00e9ventionpermet de mettre en relief d\u2019\u00e9ventuels aspects pouvant causer la perte des cheveux. Effectu\u00e9e d\u00e8s l\u2019apparition du probl\u00e8me, elle constitue un premier pas essentiel pour effectuer un diagnostic correct et envisager, si n\u00e9cessaire, la solution la plusefficace pour r\u00e9soudre la pathologie en question.\" \/>\n<meta name=\"robots\" content=\"index, follow, max-snippet:-1, max-image-preview:large, max-video-preview:-1\" \/>\n<link rel=\"canonical\" href=\"https:\/\/tricogenesis.com\/la-visita-tricologica\/\" \/>\n<meta property=\"og:locale\" content=\"fr_FR\" \/>\n<meta property=\"og:type\" content=\"article\" \/>\n<meta property=\"og:title\" content=\"Qu\u2019est-ce que la consultation trichologique?, Prevenire la Caduta dei Capelli - Tricogenesis\" \/>\n<meta property=\"og:description\" content=\"La consultation trichologiquede pr\u00e9ventionpermet de mettre en relief d\u2019\u00e9ventuels aspects pouvant causer la perte des cheveux. Effectu\u00e9e d\u00e8s l\u2019apparition du probl\u00e8me, elle constitue un premier pas essentiel pour effectuer un diagnostic correct et envisager, si n\u00e9cessaire, la solution la plusefficace pour r\u00e9soudre la pathologie en question.\" \/>\n<meta property=\"og:url\" content=\"https:\/\/tricogenesis.com\/la-visita-tricologica\/\" \/>\n<meta property=\"og:site_name\" content=\"Tricogenesis\" \/>\n<meta property=\"article:modified_time\" content=\"2023-06-10T14:58:53+00:00\" \/>\n<meta name=\"twitter:card\" content=\"summary_large_image\" \/>\n<meta name=\"twitter:label1\" content=\"Dur\u00e9e de lecture estim\u00e9e\" \/>\n\t<meta name=\"twitter:data1\" content=\"5 minutes\" \/>\n<script type=\"application\/ld+json\" class=\"yoast-schema-graph\">{\"@context\":\"https:\/\/schema.org\",\"@graph\":[{\"@type\":\"WebPage\",\"@id\":\"https:\/\/tricogenesis.com\/la-visita-tricologica\/\",\"url\":\"https:\/\/tricogenesis.com\/la-visita-tricologica\/\",\"name\":\"Qu\u2019est-ce que la consultation trichologique?, Prevenire la Caduta dei Capelli - Tricogenesis\",\"isPartOf\":{\"@id\":\"https:\/\/tricogenesis.com\/#website\"},\"primaryImageOfPage\":{\"@id\":\"https:\/\/tricogenesis.com\/la-visita-tricologica\/#primaryimage\"},\"image\":{\"@id\":\"https:\/\/tricogenesis.com\/la-visita-tricologica\/#primaryimage\"},\"thumbnailUrl\":\"https:\/\/www.tricogenesis.com\/wp-content\/uploads\/2023\/06\/whatsapp-logo.svg\",\"datePublished\":\"2021-03-05T14:38:45+00:00\",\"dateModified\":\"2023-06-10T14:58:53+00:00\",\"description\":\"La consultation trichologiquede pr\u00e9ventionpermet de mettre en relief d\u2019\u00e9ventuels aspects pouvant causer la perte des cheveux. Effectu\u00e9e d\u00e8s l\u2019apparition du probl\u00e8me, elle constitue un premier pas essentiel pour effectuer un diagnostic correct et envisager, si n\u00e9cessaire, la solution la plusefficace pour r\u00e9soudre la pathologie en question.\",\"breadcrumb\":{\"@id\":\"https:\/\/tricogenesis.com\/la-visita-tricologica\/#breadcrumb\"},\"inLanguage\":\"fr-FR\",\"potentialAction\":[{\"@type\":\"ReadAction\",\"target\":[\"https:\/\/tricogenesis.com\/la-visita-tricologica\/\"]}]},{\"@type\":\"ImageObject\",\"inLanguage\":\"fr-FR\",\"@id\":\"https:\/\/tricogenesis.com\/la-visita-tricologica\/#primaryimage\",\"url\":\"https:\/\/www.tricogenesis.com\/wp-content\/uploads\/2023\/06\/whatsapp-logo.svg\",\"contentUrl\":\"https:\/\/www.tricogenesis.com\/wp-content\/uploads\/2023\/06\/whatsapp-logo.svg\"},{\"@type\":\"BreadcrumbList\",\"@id\":\"https:\/\/tricogenesis.com\/la-visita-tricologica\/#breadcrumb\",\"itemListElement\":[{\"@type\":\"ListItem\",\"position\":1,\"name\":\"Tricogenesis\",\"item\":\"https:\/\/tricogenesis.com\/\"},{\"@type\":\"ListItem\",\"position\":2,\"name\":\"Qu\u2019est-ce que la consultation trichologique?\"}]},{\"@type\":\"WebSite\",\"@id\":\"https:\/\/tricogenesis.com\/#website\",\"url\":\"https:\/\/tricogenesis.com\/\",\"name\":\"Tricogenesis\",\"description\":\"\",\"potentialAction\":[{\"@type\":\"SearchAction\",\"target\":{\"@type\":\"EntryPoint\",\"urlTemplate\":\"https:\/\/tricogenesis.com\/?s={search_term_string}\"},\"query-input\":{\"@type\":\"PropertyValueSpecification\",\"valueRequired\":true,\"valueName\":\"search_term_string\"}}],\"inLanguage\":\"fr-FR\"}]}<\/script>\n<!-- \/ Yoast SEO plugin. -->","yoast_head_json":{"title":"Qu\u2019est-ce que la consultation trichologique?, Prevenire la Caduta dei Capelli - Tricogenesis","description":"La consultation trichologiquede pr\u00e9ventionpermet de mettre en relief d\u2019\u00e9ventuels aspects pouvant causer la perte des cheveux. Effectu\u00e9e d\u00e8s l\u2019apparition du probl\u00e8me, elle constitue un premier pas essentiel pour effectuer un diagnostic correct et envisager, si n\u00e9cessaire, la solution la plusefficace pour r\u00e9soudre la pathologie en question.","robots":{"index":"index","follow":"follow","max-snippet":"max-snippet:-1","max-image-preview":"max-image-preview:large","max-video-preview":"max-video-preview:-1"},"canonical":"https:\/\/tricogenesis.com\/la-visita-tricologica\/","og_locale":"fr_FR","og_type":"article","og_title":"Qu\u2019est-ce que la consultation trichologique?, Prevenire la Caduta dei Capelli - Tricogenesis","og_description":"La consultation trichologiquede pr\u00e9ventionpermet de mettre en relief d\u2019\u00e9ventuels aspects pouvant causer la perte des cheveux. Effectu\u00e9e d\u00e8s l\u2019apparition du probl\u00e8me, elle constitue un premier pas essentiel pour effectuer un diagnostic correct et envisager, si n\u00e9cessaire, la solution la plusefficace pour r\u00e9soudre la pathologie en question.","og_url":"https:\/\/tricogenesis.com\/la-visita-tricologica\/","og_site_name":"Tricogenesis","article_modified_time":"2023-06-10T14:58:53+00:00","twitter_card":"summary_large_image","twitter_misc":{"Dur\u00e9e de lecture estim\u00e9e":"5 minutes"},"schema":{"@context":"https:\/\/schema.org","@graph":[{"@type":"WebPage","@id":"https:\/\/tricogenesis.com\/la-visita-tricologica\/","url":"https:\/\/tricogenesis.com\/la-visita-tricologica\/","name":"Qu\u2019est-ce que la consultation trichologique?, Prevenire la Caduta dei Capelli - Tricogenesis","isPartOf":{"@id":"https:\/\/tricogenesis.com\/#website"},"primaryImageOfPage":{"@id":"https:\/\/tricogenesis.com\/la-visita-tricologica\/#primaryimage"},"image":{"@id":"https:\/\/tricogenesis.com\/la-visita-tricologica\/#primaryimage"},"thumbnailUrl":"https:\/\/www.tricogenesis.com\/wp-content\/uploads\/2023\/06\/whatsapp-logo.svg","datePublished":"2021-03-05T14:38:45+00:00","dateModified":"2023-06-10T14:58:53+00:00","description":"La consultation trichologiquede pr\u00e9ventionpermet de mettre en relief d\u2019\u00e9ventuels aspects pouvant causer la perte des cheveux. Effectu\u00e9e d\u00e8s l\u2019apparition du probl\u00e8me, elle constitue un premier pas essentiel pour effectuer un diagnostic correct et envisager, si n\u00e9cessaire, la solution la plusefficace pour r\u00e9soudre la pathologie en question.","breadcrumb":{"@id":"https:\/\/tricogenesis.com\/la-visita-tricologica\/#breadcrumb"},"inLanguage":"fr-FR","potentialAction":[{"@type":"ReadAction","target":["https:\/\/tricogenesis.com\/la-visita-tricologica\/"]}]},{"@type":"ImageObject","inLanguage":"fr-FR","@id":"https:\/\/tricogenesis.com\/la-visita-tricologica\/#primaryimage","url":"https:\/\/www.tricogenesis.com\/wp-content\/uploads\/2023\/06\/whatsapp-logo.svg","contentUrl":"https:\/\/www.tricogenesis.com\/wp-content\/uploads\/2023\/06\/whatsapp-logo.svg"},{"@type":"BreadcrumbList","@id":"https:\/\/tricogenesis.com\/la-visita-tricologica\/#breadcrumb","itemListElement":[{"@type":"ListItem","position":1,"name":"Tricogenesis","item":"https:\/\/tricogenesis.com\/"},{"@type":"ListItem","position":2,"name":"Qu\u2019est-ce que la consultation trichologique?"}]},{"@type":"WebSite","@id":"https:\/\/tricogenesis.com\/#website","url":"https:\/\/tricogenesis.com\/","name":"Tricogenesis","description":"","potentialAction":[{"@type":"SearchAction","target":{"@type":"EntryPoint","urlTemplate":"https:\/\/tricogenesis.com\/?s={search_term_string}"},"query-input":{"@type":"PropertyValueSpecification","valueRequired":true,"valueName":"search_term_string"}}],"inLanguage":"fr-FR"}]}},"_links":{"self":[{"href":"https:\/\/tricogenesis.com\/fr\/wp-json\/wp\/v2\/pages\/8892","targetHints":{"allow":["GET"]}}],"collection":[{"href":"https:\/\/tricogenesis.com\/fr\/wp-json\/wp\/v2\/pages"}],"about":[{"href":"https:\/\/tricogenesis.com\/fr\/wp-json\/wp\/v2\/types\/page"}],"author":[{"embeddable":true,"href":"https:\/\/tricogenesis.com\/fr\/wp-json\/wp\/v2\/users\/1"}],"replies":[{"embeddable":true,"href":"https:\/\/tricogenesis.com\/fr\/wp-json\/wp\/v2\/comments?post=8892"}],"version-history":[{"count":9,"href":"https:\/\/tricogenesis.com\/fr\/wp-json\/wp\/v2\/pages\/8892\/revisions"}],"predecessor-version":[{"id":9927,"href":"https:\/\/tricogenesis.com\/fr\/wp-json\/wp\/v2\/pages\/8892\/revisions\/9927"}],"wp:attachment":[{"href":"https:\/\/tricogenesis.com\/fr\/wp-json\/wp\/v2\/media?parent=8892"}],"curies":[{"name":"wp","href":"https:\/\/api.w.org\/{rel}","templated":true}]}}