{"id":9004,"date":"2021-03-05T15:55:37","date_gmt":"2021-03-05T14:55:37","guid":{"rendered":"https:\/\/www.tricogenesis.com\/microscopieen-lumiere-polarisee\/"},"modified":"2021-03-05T17:37:42","modified_gmt":"2021-03-05T16:37:42","slug":"microscopieen-lumiere-polarisee","status":"publish","type":"page","link":"https:\/\/tricogenesis.com\/fr\/microscopieen-lumiere-polarisee\/","title":{"rendered":"Microscopieen lumi\u00e8re polaris\u00e9e"},"content":{"rendered":"<div class=\"wpb-content-wrapper\"><p>[vc_row row_content_width=\u00a0\u00bbgrid\u00a0\u00bb css=\u00a0\u00bb.vc_custom_1564728037286{margin-top: 80px !important;}\u00a0\u00bb][vc_column][vc_custom_heading text=\u00a0\u00bbMicroscopieen lumi\u00e8re polaris\u00e9e\u00a0\u00bb use_theme_fonts=\u00a0\u00bbyes\u00a0\u00bb][\/vc_column][\/vc_row][vc_row row_content_width=\u00a0\u00bbgrid\u00a0\u00bb css=\u00a0\u00bb.vc_custom_1564669520183{margin-bottom: 80px !important;}\u00a0\u00bb][vc_column][vc_column_text]Le <strong>trichogramme par microscopie en lumi\u00e8re polaris\u00e9e<\/strong> est l&rsquo;examen microscopique de la totalit\u00e9 des cheveux extraits du cuir chevelu, qui fournit des indications diagnostiques pr\u00e9cises et des donn\u00e9es fiables sur la qualit\u00e9 de la structure du cheveu. C&rsquo;est l&rsquo;examen microscopique de l&rsquo;ensemble du cheveu extrait du cuir chevelu, qui renseigne sur l&rsquo;\u00e9tat qualitatif du bulbe et du cheveu. Cet examen permet la formulation de recommandations diagnostiques cibl\u00e9es.<\/p>\n<p>&nbsp;<\/p>\n<p><em>L&rsquo;alop\u00e9cie peut avoir plusieurs origines, qui peuvent se produire de mani\u00e8re isol\u00e9e ou \u00eatre dues \u00e0 diff\u00e9rentes associations de causes chez le m\u00eame sujet. Les images kal\u00e9idoscopiques fournies par la microscopie en lumi\u00e8re polaris\u00e9e, qui mettent en \u00e9vidence des alt\u00e9rations de forme, de structure et de composition que ce soit de la tige et du bulbe du cheveu, sont une aide valable pour une d\u00e9finition pr\u00e9coce des raisons qui peuvent conduire \u00e0 la chute des cheveux. Cet examen, associ\u00e9 \u00e0 une anamn\u00e8se pr\u00e9cise, permet l\u2019\u00e9laboration d&rsquo;une cure sp\u00e9cifique pour que les cheveux retrouvent leur sant\u00e9<\/em><em>.<\/em>[\/vc_column_text][vc_empty_space height=\u00a0\u00bb60&Prime;][\/vc_column][\/vc_row][vc_row row_content_width=\u00a0\u00bbgrid\u00a0\u00bb][vc_column width=\u00a0\u00bb1\/3&Prime;][vc_single_image image=\u00a0\u00bb8919&Prime; img_size=\u00a0\u00bbfull\u00a0\u00bb alignment=\u00a0\u00bbcenter\u00a0\u00bb][vc_empty_space height=\u00a0\u00bb30&Prime;][vc_column_text]Anag\u00e8nes dystrophiques et anag\u00e8nes pr\u00e9-miniaturis\u00e9s: dans les deux cas, nous sommes face \u00e0 une r\u00e9duction du cycle folliculaire.[\/vc_column_text][\/vc_column][vc_column width=\u00a0\u00bb1\/3&Prime;][vc_single_image image=\u00a0\u00bb8916&Prime; img_size=\u00a0\u00bbfull\u00a0\u00bb alignment=\u00a0\u00bbcenter\u00a0\u00bb][vc_empty_space height=\u00a0\u00bb30&Prime;][vc_column_text]Anag\u00e8nes pr\u00e9-miniaturis\u00e9s et anag\u00e8nesdystrophiques: r\u00e9duction du cycle folliculaire, du diam\u00e8treet de la profondeurfolliculaire.[\/vc_column_text][\/vc_column][vc_column width=\u00a0\u00bb1\/3&Prime;][vc_single_image image=\u00a0\u00bb8913&Prime; img_size=\u00a0\u00bbfull\u00a0\u00bb alignment=\u00a0\u00bbcenter\u00a0\u00bb][vc_empty_space height=\u00a0\u00bb30&Prime;][vc_column_text]Nos cheveux, en tant qu&rsquo;annexes cutan\u00e9es, sont affect\u00e9s par l&rsquo;\u00e9tat psycho-physique de l&rsquo;organisme; chez ce patient on note: Anag\u00e8ne caract\u00e9ris\u00e9 par des incidences d&rsquo;affaiblissement physique et unel\u00e9g\u00e8re incidence digestive.[\/vc_column_text][\/vc_column][\/vc_row][vc_row parallax=\u00a0\u00bbcontent-moving\u00a0\u00bb parallax_image=\u00a0\u00bb7017&Prime; css=\u00a0\u00bb.vc_custom_1565251434742{padding-top: 350px !important;padding-bottom: 350px !important;}\u00a0\u00bb][vc_column][\/vc_column][\/vc_row][vc_row row_content_width=\u00a0\u00bbgrid\u00a0\u00bb css=\u00a0\u00bb.vc_custom_1564734164016{margin-top: 80px !important;margin-bottom: 120px !important;}\u00a0\u00bb][vc_column width=\u00a0\u00bb1\/3&Prime;][vc_single_image image=\u00a0\u00bb8910&Prime; img_size=\u00a0\u00bbfull\u00a0\u00bb alignment=\u00a0\u00bbcenter\u00a0\u00bb][vc_empty_space height=\u00a0\u00bb30&Prime;][vc_column_text]Anag\u00e8nes dysplasiques provenant du m\u00eame \u00eelot folliculaire\u2026 les belles couleurs de polarisation \u00e9videntes d\u00e9notent l&rsquo;\u00e9tat sain du cheveu !! Cependant, l&rsquo;absence de gaines nous donne une indication importante !![\/vc_column_text][\/vc_column][vc_column width=\u00a0\u00bb1\/3&Prime;][vc_single_image image=\u00a0\u00bb8907&Prime; img_size=\u00a0\u00bbfull\u00a0\u00bb alignment=\u00a0\u00bbcenter\u00a0\u00bb][vc_empty_space height=\u00a0\u00bb30&Prime;][\/vc_column][vc_column width=\u00a0\u00bb1\/3&Prime;][vc_single_image image=\u00a0\u00bb8904&Prime; img_size=\u00a0\u00bbfull\u00a0\u00bb alignment=\u00a0\u00bbcenter\u00a0\u00bb][vc_empty_space height=\u00a0\u00bb30&Prime;][vc_column_text]En plus de l&rsquo;absence de gaines &#8230; il y a des signes \u00e9vidents d\u2019incidence d\u2019affaiblissement physique ces derni\u00e8res ann\u00e9es !![\/vc_column_text][\/vc_column][\/vc_row][vc_row content_placement=\u00a0\u00bbmiddle\u00a0\u00bb parallax=\u00a0\u00bbcontent-moving\u00a0\u00bb parallax_image=\u00a0\u00bb7213&Prime; css_animation=\u00a0\u00bbnone\u00a0\u00bb disable_background_image=\u00a0\u00bb\u00a0\u00bb content_text_aligment=\u00a0\u00bbcenter\u00a0\u00bb css=\u00a0\u00bb.vc_custom_1565344688528{margin-top: 120px !important;padding-top: 350px !important;padding-bottom: 350px !important;}\u00a0\u00bb simple_background_image=\u00a0\u00bb6934&Prime;][vc_column][\/vc_column][\/vc_row][vc_row row_content_width=\u00a0\u00bbgrid\u00a0\u00bb][vc_column width=\u00a0\u00bb1\/3&Prime;][\/vc_column][vc_column width=\u00a0\u00bb1\/3&Prime;][vc_empty_space height=\u00a0\u00bb80&Prime;][vc_column_text]<\/p>\n<h5 style=\"text-align: center;\">r\u00e9servez votre consultation au num\u00e9ro<\/h5>\n<h3 style=\"text-align: center;\"><strong><a class=\"mkd-icon-has-hover\" href=\"tel: +39 351 5281191\" data-hover-color=\"#7d8a83\">+39 351 5281191<\/a><\/strong><\/h3>\n<p>&nbsp;<\/p>\n<h5 style=\"text-align: center;\">par WhatsApp<\/h5>\n<h5 style=\"text-align: center;\">[chat]<\/h5>\n<p>&nbsp;<\/p>\n<h5 style=\"text-align: center;\">ou bien \u00e0 l\u2019adresse<\/h5>\n<h5 style=\"text-align: center;\"><a class=\"mkd-icon-has-hover\" href=\"mailto:info@tricogenesis.com\" data-hover-color=\"#7d8a83\">info@tricogenesis.com<\/a><\/h5>\n<p>[\/vc_column_text][\/vc_column][vc_column width=\u00a0\u00bb1\/3&Prime;][\/vc_column][\/vc_row][vc_row css=\u00a0\u00bb.vc_custom_1565339408984{margin-top: 80px !important;}\u00a0\u00bb simple_background_color=\u00a0\u00bb#dd003b\u00a0\u00bb][vc_column][vc_empty_space height=\u00a0\u00bb15&Prime;][\/vc_column][\/vc_row][vc_row row_content_width=\u00a0\u00bbgrid\u00a0\u00bb css=\u00a0\u00bb.vc_custom_1564999021295{margin-top: 80px !important;}\u00a0\u00bb][vc_column width=\u00a0\u00bb1\/4&Prime;][\/vc_column][vc_column width=\u00a0\u00bb1\/2&Prime;][vc_single_image image=\u00a0\u00bb7550&Prime; img_size=\u00a0\u00bbfull\u00a0\u00bb alignment=\u00a0\u00bbcenter\u00a0\u00bb][vc_empty_space height=\u00a0\u00bb50&Prime;][vc_column_text]<\/p>\n<div class=\"wpb_text_column wpb_content_element \">\n<div class=\"wpb_wrapper\">\n<h5 style=\"text-align: center;\">Si vous souhaitez avoir plus d\u2019informations, remplissez le formulaire suivant et nous vous contacterons le plus rapidement possible.<\/h5>\n<\/div>\n<\/div>\n<p>[\/vc_column_text][vc_empty_space height=\u00a0\u00bb50&Prime;]\n<div class=\"wpcf7 no-js\" id=\"wpcf7-f9487-o1\" lang=\"fr-FR\" dir=\"ltr\" data-wpcf7-id=\"9487\">\n<div class=\"screen-reader-response\"><p role=\"status\" aria-live=\"polite\" aria-atomic=\"true\"><\/p> <ul><\/ul><\/div>\n<form action=\"\/fr\/wp-json\/wp\/v2\/pages\/9004#wpcf7-f9487-o1\" method=\"post\" class=\"wpcf7-form init\" aria-label=\"Formulaire de contact\" novalidate=\"novalidate\" data-status=\"init\">\n<fieldset class=\"hidden-fields-container\"><input type=\"hidden\" name=\"_wpcf7\" value=\"9487\" \/><input type=\"hidden\" name=\"_wpcf7_version\" value=\"6.1.4\" \/><input type=\"hidden\" name=\"_wpcf7_locale\" value=\"fr_FR\" \/><input type=\"hidden\" name=\"_wpcf7_unit_tag\" value=\"wpcf7-f9487-o1\" \/><input type=\"hidden\" name=\"_wpcf7_container_post\" value=\"0\" \/><input type=\"hidden\" name=\"_wpcf7_posted_data_hash\" value=\"\" \/><input type=\"hidden\" name=\"_wpcf7_recaptcha_response\" value=\"\" \/>\n<\/fieldset>\n<div class=\"mkd-cf7-contact-form\">\n\t<p><span class=\"wpcf7-form-control-wrap\" data-name=\"nome\"><input size=\"40\" maxlength=\"400\" class=\"wpcf7-form-control wpcf7-text wpcf7-validates-as-required\" id=\"bordo-speciale\" aria-required=\"true\" aria-invalid=\"false\" placeholder=\"Nom\" value=\"\" type=\"text\" name=\"nome\" \/><\/span><br \/>\n<span class=\"wpcf7-form-control-wrap\" data-name=\"cognome\"><input size=\"40\" maxlength=\"400\" class=\"wpcf7-form-control wpcf7-text wpcf7-validates-as-required\" aria-required=\"true\" aria-invalid=\"false\" placeholder=\"Prenom\" value=\"\" type=\"text\" name=\"cognome\" \/><\/span><br \/>\n<span class=\"wpcf7-form-control-wrap\" data-name=\"telefono\"><input size=\"40\" maxlength=\"400\" class=\"wpcf7-form-control wpcf7-text wpcf7-validates-as-required\" aria-required=\"true\" aria-invalid=\"false\" placeholder=\"Phone\" value=\"\" type=\"text\" name=\"telefono\" \/><\/span><br \/>\n<span class=\"wpcf7-form-control-wrap\" data-name=\"email-333\"><input size=\"40\" maxlength=\"400\" class=\"wpcf7-form-control wpcf7-email wpcf7-text wpcf7-validates-as-email\" aria-invalid=\"false\" placeholder=\"E-mail\" value=\"\" type=\"email\" name=\"email-333\" \/><\/span><br \/>\n<span class=\"wpcf7-form-control-wrap\" data-name=\"textarea-768\"><textarea cols=\"40\" rows=\"1\" maxlength=\"2000\" class=\"wpcf7-form-control wpcf7-textarea\" aria-invalid=\"false\" placeholder=\"Message\" name=\"textarea-768\"><\/textarea><\/span><br \/>\n<span class=\"mkd-submit-button-wrapper\"><br \/>\n<input class=\"wpcf7-form-control wpcf7-submit has-spinner\" type=\"submit\" value=\"Envoyer\" \/><span class=\"mkd-submit-btn-icon arrow_right\"><\/span><br \/>\n<\/span>\n\t<\/p>\n<\/div><div class=\"wpcf7-response-output\" aria-hidden=\"true\"><\/div>\n<\/form>\n<\/div>\n[\/vc_column][vc_column width=\u00a0\u00bb1\/4&Prime;][\/vc_column][\/vc_row][vc_row css_animation=\u00a0\u00bbnone\u00a0\u00bb css=\u00a0\u00bb.vc_custom_1557221901867{padding-top: 40px !important;}\u00a0\u00bb][vc_column][vc_empty_space height=\u00a0\u00bb160&Prime;][\/vc_column][\/vc_row][vc_row css=\u00a0\u00bb.vc_custom_1565339518665{background-image: url(https:\/\/www.tricogenesis.com\/wp-content\/uploads\/2019\/08\/banda-BLU-ESE-piccola.jpg?id=7059) !important;}\u00a0\u00bb][vc_column][vc_empty_space height=\u00a0\u00bb80&Prime;][\/vc_column][\/vc_row]<\/p>\n<\/div>","protected":false},"excerpt":{"rendered":"<p>[vc_row row_content_width=\u00a0\u00bbgrid\u00a0\u00bb css=\u00a0\u00bb.vc_custom_1564728037286{margin-top: 80px !important;}\u00a0\u00bb][vc_column][vc_custom_heading text=\u00a0\u00bbMicroscopieen lumi\u00e8re polaris\u00e9e\u00a0\u00bb use_theme_fonts=\u00a0\u00bbyes\u00a0\u00bb][\/vc_column][\/vc_row][vc_row row_content_width=\u00a0\u00bbgrid\u00a0\u00bb css=\u00a0\u00bb.vc_custom_1564669520183{margin-bottom: 80px !important;}\u00a0\u00bb][vc_column][vc_column_text]Le trichogramme par microscopie en lumi\u00e8re polaris\u00e9e est l&rsquo;examen microscopique de la totalit\u00e9 des cheveux extraits du cuir chevelu, qui fournit des indications diagnostiques pr\u00e9cises et des donn\u00e9es [&hellip;]<\/p>\n","protected":false},"author":1,"featured_media":0,"parent":0,"menu_order":0,"comment_status":"closed","ping_status":"closed","template":"full-width.php","meta":{"footnotes":""},"class_list":["post-9004","page","type-page","status-publish","hentry"],"yoast_head":"<!-- This site is optimized with the Yoast SEO plugin v26.9 - https:\/\/yoast.com\/product\/yoast-seo-wordpress\/ -->\n<title>Microscopieen lumi\u00e8re polaris\u00e9e, Le trichogramme par microscopie en lumi\u00e8re polaris\u00e9e - Tricogenesis<\/title>\n<meta name=\"description\" content=\"Le trichogramme par microscopie en lumi\u00e8re polaris\u00e9e est l&#039;examen microscopique de la totalit\u00e9 des cheveux extraits du cuir chevelu, qui fournit des indications diagnostiques pr\u00e9cises et des donn\u00e9es fiables sur la qualit\u00e9 de la structure du cheveu.\" \/>\n<meta name=\"robots\" content=\"index, follow, max-snippet:-1, max-image-preview:large, max-video-preview:-1\" \/>\n<link rel=\"canonical\" href=\"https:\/\/tricogenesis.com\/microscopia-a-luce-polarizzata\/\" \/>\n<meta property=\"og:locale\" content=\"fr_FR\" \/>\n<meta property=\"og:type\" content=\"article\" \/>\n<meta property=\"og:title\" content=\"Microscopieen lumi\u00e8re polaris\u00e9e, Le trichogramme par microscopie en lumi\u00e8re polaris\u00e9e - Tricogenesis\" \/>\n<meta property=\"og:description\" content=\"Le trichogramme par microscopie en lumi\u00e8re polaris\u00e9e est l&#039;examen microscopique de la totalit\u00e9 des cheveux extraits du cuir chevelu, qui fournit des indications diagnostiques pr\u00e9cises et des donn\u00e9es fiables sur la qualit\u00e9 de la structure du cheveu.\" \/>\n<meta property=\"og:url\" content=\"https:\/\/tricogenesis.com\/microscopia-a-luce-polarizzata\/\" \/>\n<meta property=\"og:site_name\" content=\"Tricogenesis\" \/>\n<meta property=\"article:modified_time\" content=\"2021-03-05T16:37:42+00:00\" \/>\n<meta name=\"twitter:card\" content=\"summary_large_image\" \/>\n<meta name=\"twitter:label1\" content=\"Dur\u00e9e de lecture estim\u00e9e\" \/>\n\t<meta name=\"twitter:data1\" content=\"4 minutes\" \/>\n<script type=\"application\/ld+json\" class=\"yoast-schema-graph\">{\"@context\":\"https:\/\/schema.org\",\"@graph\":[{\"@type\":\"WebPage\",\"@id\":\"https:\/\/tricogenesis.com\/microscopia-a-luce-polarizzata\/\",\"url\":\"https:\/\/tricogenesis.com\/microscopia-a-luce-polarizzata\/\",\"name\":\"Microscopieen lumi\u00e8re polaris\u00e9e, Le trichogramme par microscopie en lumi\u00e8re polaris\u00e9e - Tricogenesis\",\"isPartOf\":{\"@id\":\"https:\/\/tricogenesis.com\/#website\"},\"datePublished\":\"2021-03-05T14:55:37+00:00\",\"dateModified\":\"2021-03-05T16:37:42+00:00\",\"description\":\"Le trichogramme par microscopie en lumi\u00e8re polaris\u00e9e est l'examen microscopique de la totalit\u00e9 des cheveux extraits du cuir chevelu, qui fournit des indications diagnostiques pr\u00e9cises et des donn\u00e9es fiables sur la qualit\u00e9 de la structure du cheveu.\",\"breadcrumb\":{\"@id\":\"https:\/\/tricogenesis.com\/microscopia-a-luce-polarizzata\/#breadcrumb\"},\"inLanguage\":\"fr-FR\",\"potentialAction\":[{\"@type\":\"ReadAction\",\"target\":[\"https:\/\/tricogenesis.com\/microscopia-a-luce-polarizzata\/\"]}]},{\"@type\":\"BreadcrumbList\",\"@id\":\"https:\/\/tricogenesis.com\/microscopia-a-luce-polarizzata\/#breadcrumb\",\"itemListElement\":[{\"@type\":\"ListItem\",\"position\":1,\"name\":\"Tricogenesis\",\"item\":\"https:\/\/tricogenesis.com\/\"},{\"@type\":\"ListItem\",\"position\":2,\"name\":\"Microscopieen lumi\u00e8re polaris\u00e9e\"}]},{\"@type\":\"WebSite\",\"@id\":\"https:\/\/tricogenesis.com\/#website\",\"url\":\"https:\/\/tricogenesis.com\/\",\"name\":\"Tricogenesis\",\"description\":\"\",\"potentialAction\":[{\"@type\":\"SearchAction\",\"target\":{\"@type\":\"EntryPoint\",\"urlTemplate\":\"https:\/\/tricogenesis.com\/?s={search_term_string}\"},\"query-input\":{\"@type\":\"PropertyValueSpecification\",\"valueRequired\":true,\"valueName\":\"search_term_string\"}}],\"inLanguage\":\"fr-FR\"}]}<\/script>\n<!-- \/ Yoast SEO plugin. -->","yoast_head_json":{"title":"Microscopieen lumi\u00e8re polaris\u00e9e, Le trichogramme par microscopie en lumi\u00e8re polaris\u00e9e - Tricogenesis","description":"Le trichogramme par microscopie en lumi\u00e8re polaris\u00e9e est l'examen microscopique de la totalit\u00e9 des cheveux extraits du cuir chevelu, qui fournit des indications diagnostiques pr\u00e9cises et des donn\u00e9es fiables sur la qualit\u00e9 de la structure du cheveu.","robots":{"index":"index","follow":"follow","max-snippet":"max-snippet:-1","max-image-preview":"max-image-preview:large","max-video-preview":"max-video-preview:-1"},"canonical":"https:\/\/tricogenesis.com\/microscopia-a-luce-polarizzata\/","og_locale":"fr_FR","og_type":"article","og_title":"Microscopieen lumi\u00e8re polaris\u00e9e, Le trichogramme par microscopie en lumi\u00e8re polaris\u00e9e - Tricogenesis","og_description":"Le trichogramme par microscopie en lumi\u00e8re polaris\u00e9e est l'examen microscopique de la totalit\u00e9 des cheveux extraits du cuir chevelu, qui fournit des indications diagnostiques pr\u00e9cises et des donn\u00e9es fiables sur la qualit\u00e9 de la structure du cheveu.","og_url":"https:\/\/tricogenesis.com\/microscopia-a-luce-polarizzata\/","og_site_name":"Tricogenesis","article_modified_time":"2021-03-05T16:37:42+00:00","twitter_card":"summary_large_image","twitter_misc":{"Dur\u00e9e de lecture estim\u00e9e":"4 minutes"},"schema":{"@context":"https:\/\/schema.org","@graph":[{"@type":"WebPage","@id":"https:\/\/tricogenesis.com\/microscopia-a-luce-polarizzata\/","url":"https:\/\/tricogenesis.com\/microscopia-a-luce-polarizzata\/","name":"Microscopieen lumi\u00e8re polaris\u00e9e, Le trichogramme par microscopie en lumi\u00e8re polaris\u00e9e - Tricogenesis","isPartOf":{"@id":"https:\/\/tricogenesis.com\/#website"},"datePublished":"2021-03-05T14:55:37+00:00","dateModified":"2021-03-05T16:37:42+00:00","description":"Le trichogramme par microscopie en lumi\u00e8re polaris\u00e9e est l'examen microscopique de la totalit\u00e9 des cheveux extraits du cuir chevelu, qui fournit des indications diagnostiques pr\u00e9cises et des donn\u00e9es fiables sur la qualit\u00e9 de la structure du cheveu.","breadcrumb":{"@id":"https:\/\/tricogenesis.com\/microscopia-a-luce-polarizzata\/#breadcrumb"},"inLanguage":"fr-FR","potentialAction":[{"@type":"ReadAction","target":["https:\/\/tricogenesis.com\/microscopia-a-luce-polarizzata\/"]}]},{"@type":"BreadcrumbList","@id":"https:\/\/tricogenesis.com\/microscopia-a-luce-polarizzata\/#breadcrumb","itemListElement":[{"@type":"ListItem","position":1,"name":"Tricogenesis","item":"https:\/\/tricogenesis.com\/"},{"@type":"ListItem","position":2,"name":"Microscopieen lumi\u00e8re polaris\u00e9e"}]},{"@type":"WebSite","@id":"https:\/\/tricogenesis.com\/#website","url":"https:\/\/tricogenesis.com\/","name":"Tricogenesis","description":"","potentialAction":[{"@type":"SearchAction","target":{"@type":"EntryPoint","urlTemplate":"https:\/\/tricogenesis.com\/?s={search_term_string}"},"query-input":{"@type":"PropertyValueSpecification","valueRequired":true,"valueName":"search_term_string"}}],"inLanguage":"fr-FR"}]}},"_links":{"self":[{"href":"https:\/\/tricogenesis.com\/fr\/wp-json\/wp\/v2\/pages\/9004","targetHints":{"allow":["GET"]}}],"collection":[{"href":"https:\/\/tricogenesis.com\/fr\/wp-json\/wp\/v2\/pages"}],"about":[{"href":"https:\/\/tricogenesis.com\/fr\/wp-json\/wp\/v2\/types\/page"}],"author":[{"embeddable":true,"href":"https:\/\/tricogenesis.com\/fr\/wp-json\/wp\/v2\/users\/1"}],"replies":[{"embeddable":true,"href":"https:\/\/tricogenesis.com\/fr\/wp-json\/wp\/v2\/comments?post=9004"}],"version-history":[{"count":4,"href":"https:\/\/tricogenesis.com\/fr\/wp-json\/wp\/v2\/pages\/9004\/revisions"}],"predecessor-version":[{"id":9491,"href":"https:\/\/tricogenesis.com\/fr\/wp-json\/wp\/v2\/pages\/9004\/revisions\/9491"}],"wp:attachment":[{"href":"https:\/\/tricogenesis.com\/fr\/wp-json\/wp\/v2\/media?parent=9004"}],"curies":[{"name":"wp","href":"https:\/\/api.w.org\/{rel}","templated":true}]}}