{"id":9104,"date":"2021-03-05T16:18:51","date_gmt":"2021-03-05T15:18:51","guid":{"rendered":"https:\/\/www.tricogenesis.com\/politique-de-confidentialite\/"},"modified":"2021-03-05T16:27:46","modified_gmt":"2021-03-05T15:27:46","slug":"politique-de-confidentialite","status":"publish","type":"page","link":"https:\/\/tricogenesis.com\/fr\/politique-de-confidentialite\/","title":{"rendered":"Politique de confidentialit\u00e9"},"content":{"rendered":"<div class=\"wpb-content-wrapper\"><p>[vc_row content_placement=\u00a0\u00bbmiddle\u00a0\u00bb css_animation=\u00a0\u00bbslideInUp\u00a0\u00bb row_content_width=\u00a0\u00bbgrid\u00a0\u00bb css=\u00a0\u00bb.vc_custom_1557154212153{padding-top: 50px !important;}\u00a0\u00bb][vc_column][vc_empty_space height=\u00a0\u00bb30&Prime;][\/vc_column][\/vc_row][vc_row row_content_width=\u00a0\u00bbgrid\u00a0\u00bb css=\u00a0\u00bb.vc_custom_1564733665483{margin-bottom: 20px !important;}\u00a0\u00bb][vc_column][vc_custom_heading text=\u00a0\u00bbPolitique de confidentialit\u00e9\u00a0\u00bb use_theme_fonts=\u00a0\u00bbyes\u00a0\u00bb][vc_column_text](CONFORM\u00c9MENT AU D\u00c9CRET L\u00c9GISLATIF 196\/03 ET \u00c0 LA R\u00c8GLEMENTATION UE 2016\/679)<\/p>\n<p>Cette politique de confidentialit\u00e9 a pour but de d\u00e9crire les m\u00e9thodes et la logique du traitement des donn\u00e9es personnelles des utilisateurs \/ visiteurs (ci-apr\u00e8s, \u00e9galement les utilisateurs) qui consultent le site: www.tricogenesis.com (ci-apr\u00e8s\u00a0, \u00e9galement Site Web).<br \/>\nCette politique est fournie conform\u00e9ment \u00e0 l\u2019art. 13 du d\u00e9cret l\u00e9gislatif 196\/2003 &#8211; Code concernant la protection des donn\u00e9es personnelles &#8211; \u00e0 tous les utilisateurs qui, en se connectant et en interagissant avec le site Web, utilisent les services Web connexes \u00e0 partir de l&rsquo;adresse <a href=\"http:\/\/www.tricogenesi.com\">www.tricogenesi.com<\/a> et fournissent leurs donn\u00e9es personnelles.<br \/>\nLes informations sur cette page se limitent uniquement au site Web et ne s&rsquo;\u00e9tendent pas aux autres sites Web qui peuvent \u00eatre \u00e9ventuellement consult\u00e9s par l&rsquo;utilisateur via des liens ou des hyperliens sp\u00e9cifiques.<\/p>\n<p><strong>Le propri\u00e9taire du site www.tricogenesis.com\u00a0<\/strong>est <strong>:\u00a0<\/strong>Doc. Filippo Maria FormichiniBigi,MEDECIN CHIRURGIEN VIALE ALESSANDRO GUIDONI,173 50127 FLORENCE \u00a0\u00a0(FI) P. IVA 05555740488 et C. FISC. FRMFPP75A25D612D adressee-mail: <a href=\"mailto:info@tricogenesis.com\">info@tricogenesis.com<\/a>; qui garantitle respect de la l\u00e9gislation sur la protection des donn\u00e9es personnelles (D\u00e9cret l\u00e9gislatif 196\/2003). Les utilisateurs sont tenus de lire attentivement cette politique de confidentialit\u00e9 avant de transmettre tout type d&rsquo;informations personnelles et \/ ou de remplir tout formulaire \u00e9lectronique sur le site.<\/p>\n<p>&nbsp;<\/p>\n<p><strong>TYPE DE DONN\u00c9ES TRAIT\u00c9ES ET OBJET DU TRAITEMENT<\/strong><\/p>\n<p><strong>Donn\u00e9es de navigation<\/strong><br \/>\nLes syst\u00e8mes informatiques et les proc\u00e9dures logicielles utilis\u00e9s pour exploiter ce site acqui\u00e8rent, au cours de leur fonctionnement normal, certaines donn\u00e9es personnelles qui sont ensuite transmises implicitement dans l&rsquo;utilisation des protocoles de communication Internet.<\/p>\n<p>Il s&rsquo;agit de donn\u00e9es de navigation qui ne sont pas collect\u00e9es pour \u00eatre associ\u00e9es \u00e0 des parties int\u00e9ress\u00e9es identifi\u00e9es, mais qui, de par leur nature m\u00eame, pourraient, gr\u00e2ce au traitement et \u00e0 l&rsquo;association avec des donn\u00e9es d\u00e9tenues par des tiers, permettre l\u2019identificationdes utilisateurs.<\/p>\n<p>Cette cat\u00e9gorie de donn\u00e9es comprend les adresses IP ou les noms de domaine des ordinateurs avec laquelle les utilisateurs se connectent au site, les adresses de notation URI (Uniform Resource Identifier) des ressources demand\u00e9es, l\u2019heure de la requ\u00eate, la m\u00e9thode utilis\u00e9e pour soumettre la requ\u00eate au serveur, la taille du fichier obtenu en r\u00e9ponse, le code num\u00e9rique indiquant l\u2019\u00e9tat de la r\u00e9ponse donn\u00e9e par le serveur (succ\u00e8s, erreur, etc.) et d\u2019autres param\u00e8tres relatifs au syst\u00e8me d\u2019exploitation et \u00e0 l\u2019environnement informatique de l\u2019utilisateur.<\/p>\n<p>Ces donn\u00e9es sont utilis\u00e9es dans le seul but d\u2019obtenir des informations statistiques sur l\u2019utilisation du site et d\u2019en v\u00e9rifier le bon fonctionnement et sont effac\u00e9es imm\u00e9diatement apr\u00e8s le traitement. Les donn\u00e9es pourraient \u00eatre utilis\u00e9es pour d\u00e9terminer la responsabilit\u00e9 en cas d\u2019hypoth\u00e9tiques crimes informatiques contre le site :\u00e0 l&rsquo;exception de cette possibilit\u00e9, les donn\u00e9es sur les contacts web ne sont pas conserv\u00e9esau-del\u00e0 de sept jours.<\/p>\n<p><strong>Donn\u00e9es fournies volontairement par les utilisateurs \/ visiteurs<\/strong><br \/>\nEn se connectant au site Web, il est possible, via les adresses de contact sur le site, d&rsquo;envoyer des demandes et des communications\u00e0 TRICOGENESIS, du Doc. Filippo Maria FormichiniBigiMEDECIN CHIRURGIEN Viale Alessandro Guidoni n.173 50127Florence (FI) P. IVA 05555740488 et C. FISC. FRMFPP75A25D612D adressee-mail:<a href=\"mailto:INFO@TRICOGENESIS.COM\">INFO@TRICOGENESIS.COM<\/a> s\u2019inscrire \u00e0 la newsletter, en remplissant le form sp\u00e9cifique. Cela entra\u00eene l\u2019acquisition de la part de <strong>TRICOGENESIS<\/strong>, de l\u2019adresse de l\u2019exp\u00e9diteur et \/ ou d\u2019\u00e9ventuelles donn\u00e9es personnelles qui ne seront trait\u00e9es que pour r\u00e9pondre aux requ\u00eates envoy\u00e9es ainsi que pour recontacter l\u2019exp\u00e9diteur pour la prestation du service des newsletters. Les donn\u00e9es personnelles fournies par les utilisateurs lors de l\u2019enregistrement sur le site ne seront pas divulgu\u00e9es.<\/p>\n<p>&nbsp;<\/p>\n<p><strong>Cookies<\/strong><br \/>\nLes cookies ne sont pas utilis\u00e9s pour transmettre des informations \u00e0 caract\u00e8re personnel<br \/>\nL&rsquo;utilisation des cookies de session (qui ne sont pas stock\u00e9s en permanence sur l&rsquo;ordinateur de l&rsquo;utilisateur et disparaissent lorsque le navigateur est ferm\u00e9) est strictement limit\u00e9e \u00e0 la transmission des identifiants de session (constitu\u00e9s de nombres al\u00e9atoires g\u00e9n\u00e9r\u00e9s par le serveur) n\u00e9cessaires pour permettre une navigation s\u00e9curis\u00e9e et efficace du site. Les cookies de sessionutilis\u00e9s sur ce site \u00e9vitent le recours \u00e0 d&rsquo;autres techniques informatiques potentiellement pr\u00e9judiciables \u00e0 la confidentialit\u00e9 de la navigation des utilisateurs et ne permettent pas l&rsquo;acquisition des donn\u00e9es d&rsquo;identification personnelles de l&rsquo;utilisateur.<\/p>\n<p>&nbsp;<\/p>\n<p><strong>Modalit\u00e9s de traitement<\/strong><br \/>\nLes donn\u00e9es personnelles sont trait\u00e9es avec des outils automatis\u00e9s, strictementdurant le laps de temps,afin d\u2019atteindre les finalit\u00e9s pour lesquelles elles ont \u00e9t\u00e9 collect\u00e9es, dans tous les cas, il est entendu que les donn\u00e9es personnelles seront stock\u00e9es et trait\u00e9es par TRICOGENESIS \u00e0 des fins de marketing \/ newsletters. Des mesures de s\u00e9curit\u00e9 sp\u00e9cifiques sont observ\u00e9es pour emp\u00eacher la perte de donn\u00e9es, des utilisations illicites ou incorrectes et tout acc\u00e8s non autoris\u00e9.<\/p>\n<p><strong>\u00a0<\/strong><\/p>\n<p><strong>Fourniture facultative des donn\u00e9es<\/strong><br \/>\nSauf indication contraire des donn\u00e9es de navigation, l\u2019utilisateur est libre de fournir ses donn\u00e9es personnelles. L\u2019absence de telles donn\u00e9es peut rendre impossible l\u2019obtention de la requ\u00eate effectu\u00e9e.<\/p>\n<p><strong>\u00a0<\/strong><\/p>\n<p><strong>Lieu de traitement et de conservation des donn\u00e9es<\/strong><br \/>\nLe traitement des donn\u00e9es associ\u00e9es aux services web du Site se d\u00e9roule au si\u00e8ge social de TRICOGENESIS, du Doc. Filippo Maria FormichiniBigi, MEDECIN CHIRURGIEN Viale Alessandro Guidoni n.173 50127Florence (FI) P. IVA 05555740488 et C. FISC. FRMFPP75A25D612D adressee-mail: <a href=\"mailto:INFO@TRICOGENESIS.COM\">INFO@TRICOGENESIS.COM<\/a>et n\u2019est pris en charge que par le personnel technique du Bureau charg\u00e9 du traitement ou d\u2019op\u00e9rations d&rsquo;entretien occasionnelles. Les donn\u00e9es relatives au site web et \u00e0 la liste de diffusion de la newsletter sont stock\u00e9es sur les serveurs des soci\u00e9t\u00e9s d&rsquo;h\u00e9bergement et \/ ou de gestion du Site, ARUBA SPA<\/p>\n<p>Aucune donn\u00e9e divulgu\u00e9e au service Web n&rsquo;est communiqu\u00e9e ou diffus\u00e9e. Les donn\u00e9es personnelles fournies par les utilisateurs qui soumettent des demandes d&rsquo;envoi de mat\u00e9riel d&rsquo;information ne sont utilis\u00e9es que pour ex\u00e9cuter le service ou la prestation demand\u00e9e et ne sont divulgu\u00e9es \u00e0 des tiers que lorsque cela se r\u00e9v\u00e8le n\u00e9cessaire \u00e0 cette fin.<\/p>\n<p><strong>Responsable du traitement<\/strong><br \/>\nLe responsable du traitement des donn\u00e9es personnelles est le DOC. FILIPPO MARIA FORMICHINI BIGI. Il est possible de conna\u00eetre une version mise \u00e0 jour de ce document et la liste mise \u00e0 jour des responsables de traitement des donn\u00e9es, en contactant directement le propri\u00e9taire ou le responsable indiqu\u00e9 ci-dessus.<\/p>\n<p><strong>\u00a0<\/strong><\/p>\n<p><strong>Droits des parties int\u00e9ress\u00e9es<\/strong><br \/>\nLes sujets auxquels les donn\u00e9es personnelles se r\u00e9f\u00e8rent ont le droit \u00e0 tout moment d&rsquo;obtenir la confirmation de l&rsquo;existence ou non de ces donn\u00e9es et d&rsquo;en conna\u00eetre le contenu et l&rsquo;origine, d\u2019en v\u00e9rifier l\u2019exactitude ou d&rsquo;en demander l&rsquo;int\u00e9gration ou la mise \u00e0 jour, ou encore la rectification(art. 7du D\u00e9cret l\u00e9gislatif. 196\/03).<\/p>\n<p>En vertu du m\u00eame article, il est possible de demander l&rsquo;annulation, la transformation sous forme anonyme ou le blocage des donn\u00e9es trait\u00e9es en violation de la loi, ainsi que de s&rsquo;opposer dans tous les cas, pour des motifs l\u00e9gitimes, \u00e0 leur traitement. Les demandes doivent \u00eatre envoy\u00e9es au Responsable du traitement aux adresses indiqu\u00e9es ci-dessus.<\/p>\n<p><strong>MISES \u00c0 JOUR<\/strong><br \/>\nLa Politique de Confidentialit\u00e9 de ce Site Web est sujette \u00e0 des mises \u00e0 jour; Nous invitons donc les utilisateurs \u00e0 en v\u00e9rifier r\u00e9guli\u00e8rement le contenu.<br \/>\nPour plus d&rsquo;informations sur la R\u00e8glementation europ\u00e9enne sur la protection des donn\u00e9es personnelles, consulter le site:<br \/>\n<a href=\"http:\/\/www.garanteprivacy.it\/web\/guest\/home\/docweb\/-\/docweb-display\/docweb\/5035744\">http:\/\/www.garanteprivacy.it\/web\/guest\/home\/docweb\/-\/docweb-display\/docweb\/5035744<\/a><\/p>\n<p>&nbsp;<\/p>\n<p><a href=\"http:\/\/www.camera.it\/parlam\/leggi\/deleghe\/testi\/03196dl.htm\">Cliquer ici pour le Texte int\u00e9gral de la Loi italienne sur la confidentialit\u00e9<\/a>[\/vc_column_text][vc_empty_space height=\u00a0\u00bb60&Prime;][\/vc_column][\/vc_row][vc_row content_placement=\u00a0\u00bbmiddle\u00a0\u00bb parallax=\u00a0\u00bbcontent-moving\u00a0\u00bb parallax_image=\u00a0\u00bb7434&Prime; css_animation=\u00a0\u00bbnone\u00a0\u00bb disable_background_image=\u00a0\u00bb\u00a0\u00bb content_text_aligment=\u00a0\u00bbcenter\u00a0\u00bb css=\u00a0\u00bb.vc_custom_1612532585104{margin-top: 120px !important;padding-top: 350px !important;padding-bottom: 350px !important;}\u00a0\u00bb simple_background_image=\u00a0\u00bb6934&Prime;][vc_column][\/vc_column][\/vc_row][vc_row css=\u00a0\u00bb.vc_custom_1565338464586{background-image: url(https:\/\/www.tricogenesis.com\/wp-content\/uploads\/2019\/08\/banda-BLU-ESE-piccola.jpg?id=7059) !important;}\u00a0\u00bb][vc_column][vc_empty_space height=\u00a0\u00bb80&Prime;][\/vc_column][\/vc_row]<\/p>\n<\/div>","protected":false},"excerpt":{"rendered":"<p>[vc_row content_placement=\u00a0\u00bbmiddle\u00a0\u00bb css_animation=\u00a0\u00bbslideInUp\u00a0\u00bb row_content_width=\u00a0\u00bbgrid\u00a0\u00bb css=\u00a0\u00bb.vc_custom_1557154212153{padding-top: 50px !important;}\u00a0\u00bb][vc_column][vc_empty_space height=\u00a0\u00bb30&Prime;][\/vc_column][\/vc_row][vc_row row_content_width=\u00a0\u00bbgrid\u00a0\u00bb css=\u00a0\u00bb.vc_custom_1564733665483{margin-bottom: 20px !important;}\u00a0\u00bb][vc_column][vc_custom_heading text=\u00a0\u00bbPolitique de confidentialit\u00e9\u00a0\u00bb use_theme_fonts=\u00a0\u00bbyes\u00a0\u00bb][vc_column_text](CONFORM\u00c9MENT AU D\u00c9CRET L\u00c9GISLATIF 196\/03 ET \u00c0 LA R\u00c8GLEMENTATION UE 2016\/679) Cette politique de confidentialit\u00e9 a pour but de d\u00e9crire les m\u00e9thodes et la logique [&hellip;]<\/p>\n","protected":false},"author":1,"featured_media":0,"parent":0,"menu_order":0,"comment_status":"closed","ping_status":"closed","template":"full-width.php","meta":{"footnotes":""},"class_list":["post-9104","page","type-page","status-publish","hentry"],"yoast_head":"<!-- This site is optimized with the Yoast SEO plugin v26.9 - https:\/\/yoast.com\/product\/yoast-seo-wordpress\/ -->\n<title>Politique de confidentialit\u00e9, traitement des donn\u00e9es personnelles - Tricogenesis<\/title>\n<meta name=\"description\" content=\"Cette politique de confidentialit\u00e9 a pour but de d\u00e9crire les m\u00e9thodes et la logique du traitement des donn\u00e9es personnelles des utilisateurs \/ visiteurs (ci-apr\u00e8s, \u00e9galement les utilisateurs) qui consultent le site: www.tricogenesis.com (ci-apr\u00e8s , \u00e9galement Site Web).\" \/>\n<meta name=\"robots\" content=\"index, follow, max-snippet:-1, max-image-preview:large, max-video-preview:-1\" \/>\n<link rel=\"canonical\" href=\"https:\/\/tricogenesis.com\/privacy-policy\/\" \/>\n<meta property=\"og:locale\" content=\"fr_FR\" \/>\n<meta property=\"og:type\" content=\"article\" \/>\n<meta property=\"og:title\" content=\"Politique de confidentialit\u00e9, traitement des donn\u00e9es personnelles - Tricogenesis\" \/>\n<meta property=\"og:description\" content=\"Cette politique de confidentialit\u00e9 a pour but de d\u00e9crire les m\u00e9thodes et la logique du traitement des donn\u00e9es personnelles des utilisateurs \/ visiteurs (ci-apr\u00e8s, \u00e9galement les utilisateurs) qui consultent le site: www.tricogenesis.com (ci-apr\u00e8s , \u00e9galement Site Web).\" \/>\n<meta property=\"og:url\" content=\"https:\/\/tricogenesis.com\/privacy-policy\/\" \/>\n<meta property=\"og:site_name\" content=\"Tricogenesis\" \/>\n<meta property=\"article:modified_time\" content=\"2021-03-05T15:27:46+00:00\" \/>\n<meta name=\"twitter:card\" content=\"summary_large_image\" \/>\n<meta name=\"twitter:label1\" content=\"Dur\u00e9e de lecture estim\u00e9e\" \/>\n\t<meta name=\"twitter:data1\" content=\"7 minutes\" \/>\n<script type=\"application\/ld+json\" class=\"yoast-schema-graph\">{\"@context\":\"https:\/\/schema.org\",\"@graph\":[{\"@type\":\"WebPage\",\"@id\":\"https:\/\/tricogenesis.com\/privacy-policy\/\",\"url\":\"https:\/\/tricogenesis.com\/privacy-policy\/\",\"name\":\"Politique de confidentialit\u00e9, traitement des donn\u00e9es personnelles - Tricogenesis\",\"isPartOf\":{\"@id\":\"https:\/\/tricogenesis.com\/#website\"},\"datePublished\":\"2021-03-05T15:18:51+00:00\",\"dateModified\":\"2021-03-05T15:27:46+00:00\",\"description\":\"Cette politique de confidentialit\u00e9 a pour but de d\u00e9crire les m\u00e9thodes et la logique du traitement des donn\u00e9es personnelles des utilisateurs \/ visiteurs (ci-apr\u00e8s, \u00e9galement les utilisateurs) qui consultent le site: www.tricogenesis.com (ci-apr\u00e8s , \u00e9galement Site Web).\",\"breadcrumb\":{\"@id\":\"https:\/\/tricogenesis.com\/privacy-policy\/#breadcrumb\"},\"inLanguage\":\"fr-FR\",\"potentialAction\":[{\"@type\":\"ReadAction\",\"target\":[\"https:\/\/tricogenesis.com\/privacy-policy\/\"]}]},{\"@type\":\"BreadcrumbList\",\"@id\":\"https:\/\/tricogenesis.com\/privacy-policy\/#breadcrumb\",\"itemListElement\":[{\"@type\":\"ListItem\",\"position\":1,\"name\":\"Tricogenesis\",\"item\":\"https:\/\/tricogenesis.com\/\"},{\"@type\":\"ListItem\",\"position\":2,\"name\":\"Politique de confidentialit\u00e9\"}]},{\"@type\":\"WebSite\",\"@id\":\"https:\/\/tricogenesis.com\/#website\",\"url\":\"https:\/\/tricogenesis.com\/\",\"name\":\"Tricogenesis\",\"description\":\"\",\"potentialAction\":[{\"@type\":\"SearchAction\",\"target\":{\"@type\":\"EntryPoint\",\"urlTemplate\":\"https:\/\/tricogenesis.com\/?s={search_term_string}\"},\"query-input\":{\"@type\":\"PropertyValueSpecification\",\"valueRequired\":true,\"valueName\":\"search_term_string\"}}],\"inLanguage\":\"fr-FR\"}]}<\/script>\n<!-- \/ Yoast SEO plugin. -->","yoast_head_json":{"title":"Politique de confidentialit\u00e9, traitement des donn\u00e9es personnelles - Tricogenesis","description":"Cette politique de confidentialit\u00e9 a pour but de d\u00e9crire les m\u00e9thodes et la logique du traitement des donn\u00e9es personnelles des utilisateurs \/ visiteurs (ci-apr\u00e8s, \u00e9galement les utilisateurs) qui consultent le site: www.tricogenesis.com (ci-apr\u00e8s , \u00e9galement Site Web).","robots":{"index":"index","follow":"follow","max-snippet":"max-snippet:-1","max-image-preview":"max-image-preview:large","max-video-preview":"max-video-preview:-1"},"canonical":"https:\/\/tricogenesis.com\/privacy-policy\/","og_locale":"fr_FR","og_type":"article","og_title":"Politique de confidentialit\u00e9, traitement des donn\u00e9es personnelles - Tricogenesis","og_description":"Cette politique de confidentialit\u00e9 a pour but de d\u00e9crire les m\u00e9thodes et la logique du traitement des donn\u00e9es personnelles des utilisateurs \/ visiteurs (ci-apr\u00e8s, \u00e9galement les utilisateurs) qui consultent le site: www.tricogenesis.com (ci-apr\u00e8s , \u00e9galement Site Web).","og_url":"https:\/\/tricogenesis.com\/privacy-policy\/","og_site_name":"Tricogenesis","article_modified_time":"2021-03-05T15:27:46+00:00","twitter_card":"summary_large_image","twitter_misc":{"Dur\u00e9e de lecture estim\u00e9e":"7 minutes"},"schema":{"@context":"https:\/\/schema.org","@graph":[{"@type":"WebPage","@id":"https:\/\/tricogenesis.com\/privacy-policy\/","url":"https:\/\/tricogenesis.com\/privacy-policy\/","name":"Politique de confidentialit\u00e9, traitement des donn\u00e9es personnelles - Tricogenesis","isPartOf":{"@id":"https:\/\/tricogenesis.com\/#website"},"datePublished":"2021-03-05T15:18:51+00:00","dateModified":"2021-03-05T15:27:46+00:00","description":"Cette politique de confidentialit\u00e9 a pour but de d\u00e9crire les m\u00e9thodes et la logique du traitement des donn\u00e9es personnelles des utilisateurs \/ visiteurs (ci-apr\u00e8s, \u00e9galement les utilisateurs) qui consultent le site: www.tricogenesis.com (ci-apr\u00e8s , \u00e9galement Site Web).","breadcrumb":{"@id":"https:\/\/tricogenesis.com\/privacy-policy\/#breadcrumb"},"inLanguage":"fr-FR","potentialAction":[{"@type":"ReadAction","target":["https:\/\/tricogenesis.com\/privacy-policy\/"]}]},{"@type":"BreadcrumbList","@id":"https:\/\/tricogenesis.com\/privacy-policy\/#breadcrumb","itemListElement":[{"@type":"ListItem","position":1,"name":"Tricogenesis","item":"https:\/\/tricogenesis.com\/"},{"@type":"ListItem","position":2,"name":"Politique de confidentialit\u00e9"}]},{"@type":"WebSite","@id":"https:\/\/tricogenesis.com\/#website","url":"https:\/\/tricogenesis.com\/","name":"Tricogenesis","description":"","potentialAction":[{"@type":"SearchAction","target":{"@type":"EntryPoint","urlTemplate":"https:\/\/tricogenesis.com\/?s={search_term_string}"},"query-input":{"@type":"PropertyValueSpecification","valueRequired":true,"valueName":"search_term_string"}}],"inLanguage":"fr-FR"}]}},"_links":{"self":[{"href":"https:\/\/tricogenesis.com\/fr\/wp-json\/wp\/v2\/pages\/9104","targetHints":{"allow":["GET"]}}],"collection":[{"href":"https:\/\/tricogenesis.com\/fr\/wp-json\/wp\/v2\/pages"}],"about":[{"href":"https:\/\/tricogenesis.com\/fr\/wp-json\/wp\/v2\/types\/page"}],"author":[{"embeddable":true,"href":"https:\/\/tricogenesis.com\/fr\/wp-json\/wp\/v2\/users\/1"}],"replies":[{"embeddable":true,"href":"https:\/\/tricogenesis.com\/fr\/wp-json\/wp\/v2\/comments?post=9104"}],"version-history":[{"count":2,"href":"https:\/\/tricogenesis.com\/fr\/wp-json\/wp\/v2\/pages\/9104\/revisions"}],"predecessor-version":[{"id":9106,"href":"https:\/\/tricogenesis.com\/fr\/wp-json\/wp\/v2\/pages\/9104\/revisions\/9106"}],"wp:attachment":[{"href":"https:\/\/tricogenesis.com\/fr\/wp-json\/wp\/v2\/media?parent=9104"}],"curies":[{"name":"wp","href":"https:\/\/api.w.org\/{rel}","templated":true}]}}